{"id":1031,"date":"2022-11-24T16:13:24","date_gmt":"2022-11-24T16:13:24","guid":{"rendered":"https:\/\/rehabilitaceholesov.cz\/?page_id=1031"},"modified":"2022-11-24T17:18:28","modified_gmt":"2022-11-24T17:18:28","slug":"sluzby","status":"publish","type":"page","link":"https:\/\/rehabilitaceholesov.cz\/en\/sluzby\/","title":{"rendered":"Slu\u017eby"},"content":{"rendered":"<section class=\"kc-elm kc-css-239995 kc_row\"><div class=\"kc-row-container  kc-container\"><div class=\"kc-wrap-columns\"><div class=\"kc-elm kc-css-663833 kc_col-sm-12 kc_column kc_col-sm-12\"><div class=\"kc-col-container\"> \r\n   \r\n\r\n<!--Services Section-->\r\n<section class=\"services-page-section\">\r\n    <div class=\"auto-container\">\r\n        <div class=\"row clearfix\">\r\n        \t            <!--Services Block Two-->\r\n            <div class=\"services-block-two col-md-4 col-sm-6 col-xs-12\">\r\n                <div class=\"inner-box\">\r\n                    <div class=\"image\">\r\n                        <img fetchpriority=\"high\" decoding=\"async\" width=\"370\" height=\"245\" src=\"https:\/\/rehabilitaceholesov.cz\/wp-content\/uploads\/2022\/11\/iStock-989794414-370x245.jpg\" class=\"attachment-doxwell_370x245 size-doxwell_370x245 wp-post-image\" alt=\"\" srcset=\"https:\/\/rehabilitaceholesov.cz\/wp-content\/uploads\/2022\/11\/iStock-989794414-370x245.jpg 370w, https:\/\/rehabilitaceholesov.cz\/wp-content\/uploads\/2022\/11\/iStock-989794414-300x200.jpg 300w, https:\/\/rehabilitaceholesov.cz\/wp-content\/uploads\/2022\/11\/iStock-989794414-18x12.jpg 18w\" sizes=\"(max-width: 370px) 100vw, 370px\" \/>                        <div class=\"overlay\">\r\n                            <a href=\"https:\/\/rehabilitaceholesov.cz\/en\/visceralni-terapie\/\" class=\"theme-btn btn-style-five\">Know more<\/a>\r\n                        <\/div>\r\n                    <\/div>\r\n                    <div class=\"lower-box\">\r\n                        <h3><a href=\"https:\/\/rehabilitaceholesov.cz\/en\/visceralni-terapie\/\">Viscer\u00e1ln\u00ed terapie<\/a><\/h3>\r\n                        <div class=\"text\">Viscer\u00e1ln\u00ed terapie je o\u0161et\u0159ov\u00e1n\u00ed vnit\u0159n\u00edch org\u00e1n\u016f a okoln\u00edch struktur. Jde o jemnou a relativn\u011b hloubkovou l\u00e9\u010dbu tk\u00e1n\u00ed. Pomoc\u00ed viscer\u00e1ln\u00ed manipulace ...<\/div>\r\n                    <\/div>\r\n                <\/div>\r\n            <\/div>\r\n                        <!--Services Block Two-->\r\n            <div class=\"services-block-two col-md-4 col-sm-6 col-xs-12\">\r\n                <div class=\"inner-box\">\r\n                    <div class=\"image\">\r\n                        <img decoding=\"async\" width=\"370\" height=\"245\" src=\"https:\/\/rehabilitaceholesov.cz\/wp-content\/uploads\/2022\/11\/alternative-medicine-g8340d8914_1920-370x245.jpg\" class=\"attachment-doxwell_370x245 size-doxwell_370x245 wp-post-image\" alt=\"\" srcset=\"https:\/\/rehabilitaceholesov.cz\/wp-content\/uploads\/2022\/11\/alternative-medicine-g8340d8914_1920-370x245.jpg 370w, https:\/\/rehabilitaceholesov.cz\/wp-content\/uploads\/2022\/11\/alternative-medicine-g8340d8914_1920-300x199.jpg 300w, https:\/\/rehabilitaceholesov.cz\/wp-content\/uploads\/2022\/11\/alternative-medicine-g8340d8914_1920-1024x680.jpg 1024w, https:\/\/rehabilitaceholesov.cz\/wp-content\/uploads\/2022\/11\/alternative-medicine-g8340d8914_1920-768x510.jpg 768w, https:\/\/rehabilitaceholesov.cz\/wp-content\/uploads\/2022\/11\/alternative-medicine-g8340d8914_1920-1536x1020.jpg 1536w, https:\/\/rehabilitaceholesov.cz\/wp-content\/uploads\/2022\/11\/alternative-medicine-g8340d8914_1920-18x12.jpg 18w, https:\/\/rehabilitaceholesov.cz\/wp-content\/uploads\/2022\/11\/alternative-medicine-g8340d8914_1920-600x398.jpg 600w, https:\/\/rehabilitaceholesov.cz\/wp-content\/uploads\/2022\/11\/alternative-medicine-g8340d8914_1920.jpg 1920w\" sizes=\"(max-width: 370px) 100vw, 370px\" \/>                        <div class=\"overlay\">\r\n                            <a href=\"https:\/\/rehabilitaceholesov.cz\/en\/metamorfni-technika\/\" class=\"theme-btn btn-style-five\">Know more<\/a>\r\n                        <\/div>\r\n                    <\/div>\r\n                    <div class=\"lower-box\">\r\n                        <h3><a href=\"https:\/\/rehabilitaceholesov.cz\/en\/metamorfni-technika\/\">Metamorfn\u00ed technika<\/a><\/h3>\r\n                        <div class=\"text\">Metamorfn\u00ed technika uvol\u0148uje energetick\u00e9 bloky jemnou mas\u00e1\u017e\u00ed nohou, rukou, hlavy. Vych\u00e1z\u00ed z\u00a0reflexn\u00ed terapie, kdy oblast p\u00e1te\u0159e je veps\u00e1na na vnit\u0159n\u00ed ...<\/div>\r\n                    <\/div>\r\n                <\/div>\r\n            <\/div>\r\n                        <!--Services Block Two-->\r\n            <div class=\"services-block-two col-md-4 col-sm-6 col-xs-12\">\r\n                <div class=\"inner-box\">\r\n                    <div class=\"image\">\r\n                        <img decoding=\"async\" width=\"370\" height=\"245\" src=\"https:\/\/rehabilitaceholesov.cz\/wp-content\/uploads\/2022\/11\/iStock-1318908160-370x245.jpg\" class=\"attachment-doxwell_370x245 size-doxwell_370x245 wp-post-image\" alt=\"\" srcset=\"https:\/\/rehabilitaceholesov.cz\/wp-content\/uploads\/2022\/11\/iStock-1318908160-370x245.jpg 370w, https:\/\/rehabilitaceholesov.cz\/wp-content\/uploads\/2022\/11\/iStock-1318908160-300x200.jpg 300w, https:\/\/rehabilitaceholesov.cz\/wp-content\/uploads\/2022\/11\/iStock-1318908160-18x12.jpg 18w\" sizes=\"(max-width: 370px) 100vw, 370px\" \/>                        <div class=\"overlay\">\r\n                            <a href=\"https:\/\/rehabilitaceholesov.cz\/en\/kraniosakralni-terapie\/\" class=\"theme-btn btn-style-five\">Know more<\/a>\r\n                        <\/div>\r\n                    <\/div>\r\n                    <div class=\"lower-box\">\r\n                        <h3><a href=\"https:\/\/rehabilitaceholesov.cz\/en\/kraniosakralni-terapie\/\">Kraniosakr\u00e1ln\u00ed terapie<\/a><\/h3>\r\n                        <div class=\"text\">Kranioasakr\u00e1ln\u00ed terapie je velmi jemn\u00e1 neinvazivn\u00ed dotekov\u00e1 manipula\u010dn\u00ed technika ovliv\u0148uj\u00edc\u00ed kraniosakr\u00e1ln\u00ed syst\u00e9m, jeho rytmus. Kraniosakr\u00e1ln\u00ed syst\u00e9m je polozav\u0159en\u00fd hydraulick\u00fd syst\u00e9m, ...<\/div>\r\n                    <\/div>\r\n                <\/div>\r\n            <\/div>\r\n                        <!--Services Block Two-->\r\n            <div class=\"services-block-two col-md-4 col-sm-6 col-xs-12\">\r\n                <div class=\"inner-box\">\r\n                    <div class=\"image\">\r\n                        <img loading=\"lazy\" decoding=\"async\" width=\"370\" height=\"245\" src=\"https:\/\/rehabilitaceholesov.cz\/wp-content\/uploads\/2022\/11\/zarizeni-lecba-370x245.jpg\" class=\"attachment-doxwell_370x245 size-doxwell_370x245 wp-post-image\" alt=\"\" srcset=\"https:\/\/rehabilitaceholesov.cz\/wp-content\/uploads\/2022\/11\/zarizeni-lecba-370x245.jpg 370w, https:\/\/rehabilitaceholesov.cz\/wp-content\/uploads\/2022\/11\/zarizeni-lecba-300x200.jpg 300w, https:\/\/rehabilitaceholesov.cz\/wp-content\/uploads\/2022\/11\/zarizeni-lecba-18x12.jpg 18w\" sizes=\"(max-width: 370px) 100vw, 370px\" \/>                        <div class=\"overlay\">\r\n                            <a href=\"https:\/\/rehabilitaceholesov.cz\/en\/elektrolecba\/\" class=\"theme-btn btn-style-five\">Know more<\/a>\r\n                        <\/div>\r\n                    <\/div>\r\n                    <div class=\"lower-box\">\r\n                        <h3><a href=\"https:\/\/rehabilitaceholesov.cz\/en\/elektrolecba\/\">Elektrol\u00e9\u010dba<\/a><\/h3>\r\n                        <div class=\"text\">Terapie n\u00edzkofrekven\u010dn\u00edmi proudy Trabert\u016fv proud &#8211; m\u00e1 v\u00fdrazn\u011b analgetick\u00fd \u00fa\u010dinek, \u00faleva nast\u00e1v\u00e1 ji\u017e p\u0159i aplikaci nebo bezprost\u0159edn\u011b po n\u00ed Diadynamick\u00e9 ...<\/div>\r\n                    <\/div>\r\n                <\/div>\r\n            <\/div>\r\n                        <!--Services Block Two-->\r\n            <div class=\"services-block-two col-md-4 col-sm-6 col-xs-12\">\r\n                <div class=\"inner-box\">\r\n                    <div class=\"image\">\r\n                        <img loading=\"lazy\" decoding=\"async\" width=\"370\" height=\"245\" src=\"https:\/\/rehabilitaceholesov.cz\/wp-content\/uploads\/2022\/11\/iStock-1031459436-370x245.jpg\" class=\"attachment-doxwell_370x245 size-doxwell_370x245 wp-post-image\" alt=\"\" srcset=\"https:\/\/rehabilitaceholesov.cz\/wp-content\/uploads\/2022\/11\/iStock-1031459436-370x245.jpg 370w, https:\/\/rehabilitaceholesov.cz\/wp-content\/uploads\/2022\/11\/iStock-1031459436-18x12.jpg 18w\" sizes=\"(max-width: 370px) 100vw, 370px\" \/>                        <div class=\"overlay\">\r\n                            <a href=\"https:\/\/rehabilitaceholesov.cz\/en\/somatoemocionalni-uvolneni\/\" class=\"theme-btn btn-style-five\">Know more<\/a>\r\n                        <\/div>\r\n                    <\/div>\r\n                    <div class=\"lower-box\">\r\n                        <h3><a href=\"https:\/\/rehabilitaceholesov.cz\/en\/somatoemocionalni-uvolneni\/\">Somatoemocion\u00e1ln\u00ed uvoln\u011bn\u00ed<\/a><\/h3>\r\n                        <div class=\"text\">Somatoemocion\u00e1n\u00ed uvoln\u011bn\u00ed nab\u00edz\u00ed cestu k\u00a0prostoru vnit\u0159n\u00edho klidu, osvobozen\u00ed od n\u00e1sledk\u016f minul\u00fdch zran\u011bn\u00ed a negativn\u00edch zku\u0161enost\u00ed, kter\u00e9 vznikaj\u00ed v\u00a0d\u016fsledku p\u0159et\u00ed\u017een\u00ed, \u00faraz\u016f ...<\/div>\r\n                    <\/div>\r\n                <\/div>\r\n            <\/div>\r\n                        <!--Services Block Two-->\r\n            <div class=\"services-block-two col-md-4 col-sm-6 col-xs-12\">\r\n                <div class=\"inner-box\">\r\n                    <div class=\"image\">\r\n                        <img loading=\"lazy\" decoding=\"async\" width=\"370\" height=\"245\" src=\"https:\/\/rehabilitaceholesov.cz\/wp-content\/uploads\/2022\/11\/iStock-952705806-370x245.jpg\" class=\"attachment-doxwell_370x245 size-doxwell_370x245 wp-post-image\" alt=\"\" srcset=\"https:\/\/rehabilitaceholesov.cz\/wp-content\/uploads\/2022\/11\/iStock-952705806-370x245.jpg 370w, https:\/\/rehabilitaceholesov.cz\/wp-content\/uploads\/2022\/11\/iStock-952705806-300x200.jpg 300w, https:\/\/rehabilitaceholesov.cz\/wp-content\/uploads\/2022\/11\/iStock-952705806-18x12.jpg 18w\" sizes=\"(max-width: 370px) 100vw, 370px\" \/>                        <div class=\"overlay\">\r\n                            <a href=\"https:\/\/rehabilitaceholesov.cz\/en\/techniky-mekkych-tkani-a-mobilizace-kloubu\/\" class=\"theme-btn btn-style-five\">Know more<\/a>\r\n                        <\/div>\r\n                    <\/div>\r\n                    <div class=\"lower-box\">\r\n                        <h3><a href=\"https:\/\/rehabilitaceholesov.cz\/en\/techniky-mekkych-tkani-a-mobilizace-kloubu\/\">Techniky m\u011bkk\u00fdch tk\u00e1n\u00ed<\/a><\/h3>\r\n                        <div class=\"text\">Jde o uvoln\u011bn\u00ed m\u011bkk\u00fdch tk\u00e1n\u00ed jako je k\u016f\u017ee, podko\u017e\u00ed, fasci\u00ed , sval\u016f. Tyto vrstvy mus\u00ed b\u00fdt posunliv\u00e9. Jen tak mohou ...<\/div>\r\n                    <\/div>\r\n                <\/div>\r\n            <\/div>\r\n                        <!--Services Block Two-->\r\n            <div class=\"services-block-two col-md-4 col-sm-6 col-xs-12\">\r\n                <div class=\"inner-box\">\r\n                    <div class=\"image\">\r\n                        <img loading=\"lazy\" decoding=\"async\" width=\"370\" height=\"245\" src=\"https:\/\/rehabilitaceholesov.cz\/wp-content\/uploads\/2022\/11\/people-gf7c98cf90_1920-370x245.jpg\" class=\"attachment-doxwell_370x245 size-doxwell_370x245 wp-post-image\" alt=\"\" srcset=\"https:\/\/rehabilitaceholesov.cz\/wp-content\/uploads\/2022\/11\/people-gf7c98cf90_1920-370x245.jpg 370w, https:\/\/rehabilitaceholesov.cz\/wp-content\/uploads\/2022\/11\/people-gf7c98cf90_1920-300x200.jpg 300w, https:\/\/rehabilitaceholesov.cz\/wp-content\/uploads\/2022\/11\/people-gf7c98cf90_1920-18x12.jpg 18w\" sizes=\"(max-width: 370px) 100vw, 370px\" \/>                        <div class=\"overlay\">\r\n                            <a href=\"https:\/\/rehabilitaceholesov.cz\/en\/lecebna-telesna-terapie\/\" class=\"theme-btn btn-style-five\">Know more<\/a>\r\n                        <\/div>\r\n                    <\/div>\r\n                    <div class=\"lower-box\">\r\n                        <h3><a href=\"https:\/\/rehabilitaceholesov.cz\/en\/lecebna-telesna-terapie\/\">L\u00e9\u010debn\u00e1 t\u011blesn\u00e1 terapie<\/a><\/h3>\r\n                        <div class=\"text\">Je vlastn\u011b cvi\u010den\u00ed d\u00edky n\u011bmu se t\u011blo u\u010d\u00ed funk\u010dn\u011b pracovat tak, aby nedoch\u00e1zelo k dal\u0161\u00edmu p\u0159et\u011b\u017eov\u00e1n\u00ed \u010di po\u0161kozov\u00e1n\u00ed. Nejefektivn\u011bj\u0161\u00ed je ...<\/div>\r\n                    <\/div>\r\n                <\/div>\r\n            <\/div>\r\n                    <\/div>\r\n    <\/div>\r\n<\/section>\r\n<!--End Services Section-->\r\n\r\n<\/div><\/div><\/div><\/div><\/section>","protected":false},"excerpt":{"rendered":"","protected":false},"author":1,"featured_media":0,"parent":0,"menu_order":0,"comment_status":"closed","ping_status":"closed","template":"tpl-king_composer.php","meta":{"footnotes":"","_links_to":"","_links_to_target":""},"class_list":["post-1031","page","type-page","status-publish","hentry"],"yoast_head":"<!-- This site is optimized with the Yoast SEO plugin v27.4 - https:\/\/yoast.com\/product\/yoast-seo-wordpress\/ -->\n<title>Slu\u017eby - Rehabilitace KINESIS s.r.o.<\/title>\n<meta name=\"description\" content=\"Ordinace REHABILITACE KINESIS s.r.o., Hole\u0161ov. Ambulantn\u00ed pracovi\u0161t\u011b fyzioterapie v Hole\u0161ov\u011b. Prov\u00e1d\u00edme m\u011bkk\u00e9 a mobiliza\u010dn\u00ed techniky a individu\u00e1ln\u00ed cvi\u010den\u00ed atd.\" \/>\n<meta name=\"robots\" content=\"index, follow, max-snippet:-1, max-image-preview:large, max-video-preview:-1\" \/>\n<link rel=\"canonical\" href=\"https:\/\/rehabilitaceholesov.cz\/en\/sluzby\/\" \/>\n<meta property=\"og:locale\" content=\"en_GB\" \/>\n<meta property=\"og:type\" content=\"article\" \/>\n<meta property=\"og:title\" content=\"Rehabilitace KINESIS\" \/>\n<meta property=\"og:description\" content=\"Ordinace REHABILITACE KINESIS s.r.o., Hole\u0161ov. Ambulantn\u00ed pracovi\u0161t\u011b fyzioterapie v Hole\u0161ov\u011b. Prov\u00e1d\u00edme m\u011bkk\u00e9 a mobiliza\u010dn\u00ed techniky a individu\u00e1ln\u00ed cvi\u010den\u00ed atd.\" \/>\n<meta property=\"og:url\" content=\"https:\/\/rehabilitaceholesov.cz\/en\/sluzby\/\" \/>\n<meta property=\"og:site_name\" content=\"Rehabilitace KINESIS s.r.o.\" \/>\n<meta property=\"article:modified_time\" content=\"2022-11-24T17:18:28+00:00\" \/>\n<meta property=\"og:image\" content=\"https:\/\/rehabilitaceholesov.cz\/wp-content\/uploads\/2022\/11\/1-1.png\" \/>\n\t<meta property=\"og:image:width\" content=\"601\" \/>\n\t<meta property=\"og:image:height\" content=\"198\" \/>\n\t<meta property=\"og:image:type\" content=\"image\/png\" \/>\n<meta name=\"twitter:card\" content=\"summary_large_image\" \/>\n<meta name=\"twitter:label1\" content=\"Estimated reading time\" \/>\n\t<meta name=\"twitter:data1\" content=\"1 minute\" \/>\n<script type=\"application\/ld+json\" class=\"yoast-schema-graph\">{\"@context\":\"https:\\\/\\\/schema.org\",\"@graph\":[{\"@type\":\"WebPage\",\"@id\":\"https:\\\/\\\/rehabilitaceholesov.cz\\\/en\\\/sluzby\\\/\",\"url\":\"https:\\\/\\\/rehabilitaceholesov.cz\\\/en\\\/sluzby\\\/\",\"name\":\"Slu\u017eby - Rehabilitace KINESIS s.r.o.\",\"isPartOf\":{\"@id\":\"https:\\\/\\\/rehabilitaceholesov.cz\\\/en\\\/#website\"},\"primaryImageOfPage\":{\"@id\":\"https:\\\/\\\/rehabilitaceholesov.cz\\\/en\\\/sluzby\\\/#primaryimage\"},\"image\":{\"@id\":\"https:\\\/\\\/rehabilitaceholesov.cz\\\/en\\\/sluzby\\\/#primaryimage\"},\"thumbnailUrl\":\"https:\\\/\\\/rehabilitaceholesov.cz\\\/wp-content\\\/uploads\\\/2022\\\/11\\\/masaz-lecba-370x245.jpg\",\"datePublished\":\"2022-11-24T16:13:24+00:00\",\"dateModified\":\"2022-11-24T17:18:28+00:00\",\"description\":\"Ordinace REHABILITACE KINESIS s.r.o., Hole\u0161ov. Ambulantn\u00ed pracovi\u0161t\u011b fyzioterapie v Hole\u0161ov\u011b. Prov\u00e1d\u00edme m\u011bkk\u00e9 a mobiliza\u010dn\u00ed techniky a individu\u00e1ln\u00ed cvi\u010den\u00ed atd.\",\"breadcrumb\":{\"@id\":\"https:\\\/\\\/rehabilitaceholesov.cz\\\/en\\\/sluzby\\\/#breadcrumb\"},\"inLanguage\":\"en-GB\",\"potentialAction\":[{\"@type\":\"ReadAction\",\"target\":[\"https:\\\/\\\/rehabilitaceholesov.cz\\\/en\\\/sluzby\\\/\"]}]},{\"@type\":\"ImageObject\",\"inLanguage\":\"en-GB\",\"@id\":\"https:\\\/\\\/rehabilitaceholesov.cz\\\/en\\\/sluzby\\\/#primaryimage\",\"url\":\"https:\\\/\\\/rehabilitaceholesov.cz\\\/wp-content\\\/uploads\\\/2022\\\/11\\\/masaz-lecba-370x245.jpg\",\"contentUrl\":\"https:\\\/\\\/rehabilitaceholesov.cz\\\/wp-content\\\/uploads\\\/2022\\\/11\\\/masaz-lecba-370x245.jpg\"},{\"@type\":\"BreadcrumbList\",\"@id\":\"https:\\\/\\\/rehabilitaceholesov.cz\\\/en\\\/sluzby\\\/#breadcrumb\",\"itemListElement\":[{\"@type\":\"ListItem\",\"position\":1,\"name\":\"Dom\u016f\",\"item\":\"https:\\\/\\\/rehabilitaceholesov.cz\\\/\"},{\"@type\":\"ListItem\",\"position\":2,\"name\":\"Slu\u017eby\"}]},{\"@type\":\"WebSite\",\"@id\":\"https:\\\/\\\/rehabilitaceholesov.cz\\\/en\\\/#website\",\"url\":\"https:\\\/\\\/rehabilitaceholesov.cz\\\/en\\\/\",\"name\":\"Rehabilitace KINESIS s.r.o.\",\"description\":\"Rehabilita\u010dn\u00ed centrum v Hole\u0161ov\u011b\",\"potentialAction\":[{\"@type\":\"SearchAction\",\"target\":{\"@type\":\"EntryPoint\",\"urlTemplate\":\"https:\\\/\\\/rehabilitaceholesov.cz\\\/en\\\/?s={search_term_string}\"},\"query-input\":{\"@type\":\"PropertyValueSpecification\",\"valueRequired\":true,\"valueName\":\"search_term_string\"}}],\"inLanguage\":\"en-GB\"}]}<\/script>\n<!-- \/ Yoast SEO plugin. -->","yoast_head_json":{"title":"Slu\u017eby - Rehabilitace KINESIS s.r.o.","description":"Ordinace REHABILITACE KINESIS s.r.o., Hole\u0161ov. Ambulantn\u00ed pracovi\u0161t\u011b fyzioterapie v Hole\u0161ov\u011b. Prov\u00e1d\u00edme m\u011bkk\u00e9 a mobiliza\u010dn\u00ed techniky a individu\u00e1ln\u00ed cvi\u010den\u00ed atd.","robots":{"index":"index","follow":"follow","max-snippet":"max-snippet:-1","max-image-preview":"max-image-preview:large","max-video-preview":"max-video-preview:-1"},"canonical":"https:\/\/rehabilitaceholesov.cz\/en\/sluzby\/","og_locale":"en_GB","og_type":"article","og_title":"Rehabilitace KINESIS","og_description":"Ordinace REHABILITACE KINESIS s.r.o., Hole\u0161ov. Ambulantn\u00ed pracovi\u0161t\u011b fyzioterapie v Hole\u0161ov\u011b. Prov\u00e1d\u00edme m\u011bkk\u00e9 a mobiliza\u010dn\u00ed techniky a individu\u00e1ln\u00ed cvi\u010den\u00ed atd.","og_url":"https:\/\/rehabilitaceholesov.cz\/en\/sluzby\/","og_site_name":"Rehabilitace KINESIS s.r.o.","article_modified_time":"2022-11-24T17:18:28+00:00","og_image":[{"width":601,"height":198,"url":"https:\/\/rehabilitaceholesov.cz\/wp-content\/uploads\/2022\/11\/1-1.png","type":"image\/png"}],"twitter_card":"summary_large_image","twitter_misc":{"Estimated reading time":"1 minute"},"schema":{"@context":"https:\/\/schema.org","@graph":[{"@type":"WebPage","@id":"https:\/\/rehabilitaceholesov.cz\/en\/sluzby\/","url":"https:\/\/rehabilitaceholesov.cz\/en\/sluzby\/","name":"Slu\u017eby - Rehabilitace KINESIS s.r.o.","isPartOf":{"@id":"https:\/\/rehabilitaceholesov.cz\/en\/#website"},"primaryImageOfPage":{"@id":"https:\/\/rehabilitaceholesov.cz\/en\/sluzby\/#primaryimage"},"image":{"@id":"https:\/\/rehabilitaceholesov.cz\/en\/sluzby\/#primaryimage"},"thumbnailUrl":"https:\/\/rehabilitaceholesov.cz\/wp-content\/uploads\/2022\/11\/masaz-lecba-370x245.jpg","datePublished":"2022-11-24T16:13:24+00:00","dateModified":"2022-11-24T17:18:28+00:00","description":"Ordinace REHABILITACE KINESIS s.r.o., Hole\u0161ov. Ambulantn\u00ed pracovi\u0161t\u011b fyzioterapie v Hole\u0161ov\u011b. Prov\u00e1d\u00edme m\u011bkk\u00e9 a mobiliza\u010dn\u00ed techniky a individu\u00e1ln\u00ed cvi\u010den\u00ed atd.","breadcrumb":{"@id":"https:\/\/rehabilitaceholesov.cz\/en\/sluzby\/#breadcrumb"},"inLanguage":"en-GB","potentialAction":[{"@type":"ReadAction","target":["https:\/\/rehabilitaceholesov.cz\/en\/sluzby\/"]}]},{"@type":"ImageObject","inLanguage":"en-GB","@id":"https:\/\/rehabilitaceholesov.cz\/en\/sluzby\/#primaryimage","url":"https:\/\/rehabilitaceholesov.cz\/wp-content\/uploads\/2022\/11\/masaz-lecba-370x245.jpg","contentUrl":"https:\/\/rehabilitaceholesov.cz\/wp-content\/uploads\/2022\/11\/masaz-lecba-370x245.jpg"},{"@type":"BreadcrumbList","@id":"https:\/\/rehabilitaceholesov.cz\/en\/sluzby\/#breadcrumb","itemListElement":[{"@type":"ListItem","position":1,"name":"Dom\u016f","item":"https:\/\/rehabilitaceholesov.cz\/"},{"@type":"ListItem","position":2,"name":"Slu\u017eby"}]},{"@type":"WebSite","@id":"https:\/\/rehabilitaceholesov.cz\/en\/#website","url":"https:\/\/rehabilitaceholesov.cz\/en\/","name":"Rehabilitace KINESIS s.r.o.","description":"Rehabilita\u010dn\u00ed centrum v Hole\u0161ov\u011b","potentialAction":[{"@type":"SearchAction","target":{"@type":"EntryPoint","urlTemplate":"https:\/\/rehabilitaceholesov.cz\/en\/?s={search_term_string}"},"query-input":{"@type":"PropertyValueSpecification","valueRequired":true,"valueName":"search_term_string"}}],"inLanguage":"en-GB"}]}},"_links":{"self":[{"href":"https:\/\/rehabilitaceholesov.cz\/en\/wp-json\/wp\/v2\/pages\/1031","targetHints":{"allow":["GET"]}}],"collection":[{"href":"https:\/\/rehabilitaceholesov.cz\/en\/wp-json\/wp\/v2\/pages"}],"about":[{"href":"https:\/\/rehabilitaceholesov.cz\/en\/wp-json\/wp\/v2\/types\/page"}],"author":[{"embeddable":true,"href":"https:\/\/rehabilitaceholesov.cz\/en\/wp-json\/wp\/v2\/users\/1"}],"replies":[{"embeddable":true,"href":"https:\/\/rehabilitaceholesov.cz\/en\/wp-json\/wp\/v2\/comments?post=1031"}],"version-history":[{"count":2,"href":"https:\/\/rehabilitaceholesov.cz\/en\/wp-json\/wp\/v2\/pages\/1031\/revisions"}],"predecessor-version":[{"id":1041,"href":"https:\/\/rehabilitaceholesov.cz\/en\/wp-json\/wp\/v2\/pages\/1031\/revisions\/1041"}],"wp:attachment":[{"href":"https:\/\/rehabilitaceholesov.cz\/en\/wp-json\/wp\/v2\/media?parent=1031"}],"curies":[{"name":"wp","href":"https:\/\/api.w.org\/{rel}","templated":true}]}}