{"id":120,"date":"2017-12-09T09:02:29","date_gmt":"2017-12-09T09:02:29","guid":{"rendered":"http:\/\/wp2.commonsupport.com\/newwp\/doxwell\/?page_id=120"},"modified":"2022-11-28T11:33:51","modified_gmt":"2022-11-28T11:33:51","slug":"o-nas","status":"publish","type":"page","link":"https:\/\/rehabilitaceholesov.cz\/en\/o-nas\/","title":{"rendered":"O n\u00e1s"},"content":{"rendered":"<p><section class=\"kc-elm kc-css-959685 kc_row\"><div class=\"kc-row-container  kc-container\"><div class=\"kc-wrap-columns\"><div class=\"kc-elm kc-css-610289 kc_col-sm-12 kc_column kc_col-sm-12\"><div class=\"kc-col-container\"><!--About Section-->\r\n<section class=\"about-section\">\r\n    <div class=\"auto-container\">\r\n        <div class=\"row clearfix\">\r\n            <!--Image Column-->\r\n            <div class=\"image-column col-md-4 col-sm-12 col-xs-12\">\r\n                <div class=\"inner-column\">\r\n                    <div class=\"image\">\r\n                        <img decoding=\"async\" src=\"https:\/\/rehabilitaceholesov.cz\/wp-content\/uploads\/2022\/11\/masaz-lecba.jpg\" alt=\"image\" \/>\r\n                    <\/div>\r\n                <\/div>\r\n            <\/div>\r\n            <!--Content Column-->\r\n            <div class=\"content-column col-md-8 col-sm-12 col-xs-12\">\r\n                <div class=\"sec-title\">\r\n                    <h2>REHABILITACE KINESIS s.r.o.<\/h2>\r\n                <\/div>\r\n                <div class=\"large-text\">Marcela \u017d\u00e1rsk\u00e1<\/div>\r\n                <div class=\"text\">Fyzioterapii se v\u011bnuji ji\u017e mnoho let. Svou praxi jsem zalo\u017eila v roce 2004, kdy jsem za\u010d\u00ednala klasickou fyzioterapi\u00ed. Kurzy jako je kraniosakr\u00e1ln\u00ed terapie a somatoemocion\u00e1ln\u00ed uvoln\u011bn\u00ed mi zcela zm\u011bnily \u017eivot. Za\u010dala jsem ch\u00e1pat souvislost psychiky se zdravotn\u00edmi pot\u00ed\u017eemi a za\u010dala pracovat \u00fapln\u011b jinak.<\/div>\r\n                <h3><\/h3>\r\n                <div class=\"history-text\"> <\/div>\r\n            <\/div>\r\n        <\/div>\r\n    <\/div>\r\n<\/section>\r\n<!--End About Section--><div class=\"kc-image-gallery kc-elm kc-css-326782\">\n<div class=\"kc_image_gallery kc-carousel-image kc-grid\">\n<div class=\"item-grid grid-3\"><img decoding=\"async\" src=\"https:\/\/rehabilitaceholesov.cz\/wp-content\/uploads\/2022\/11\/IMG_20190918_105602-1-scaled.jpg\" alt=\"\"\/><\/div><div class=\"item-grid grid-3\"><img decoding=\"async\" src=\"https:\/\/rehabilitaceholesov.cz\/wp-content\/uploads\/2022\/11\/IMG_20190918_105619_1-scaled.jpg\" alt=\"\"\/><\/div><div class=\"item-grid grid-3\"><img decoding=\"async\" src=\"https:\/\/rehabilitaceholesov.cz\/wp-content\/uploads\/2022\/11\/IMG_20190918_105627-scaled.jpg\" alt=\"\"\/><\/div><\/div>\n<\/div><\/div><\/div><\/div><\/div><\/section><section class=\"kc-elm kc-css-557079 kc_row\"><div class=\"kc-row-container\"><div class=\"kc-wrap-columns\"><div class=\"kc-elm kc-css-45127 kc_col-sm-12 kc_column kc_col-sm-12\"><div class=\"kc-col-container\"><!--Fluid Section One-->\r\n<section class=\"fluid-section-one\">\r\n    <div class=\"outer-container clearfix\">\r\n        <!--Image Column-->\r\n        <div class=\"image-column\" style=\"background-image:url('https:\/\/rehabilitaceholesov.cz\/wp-content\/uploads\/2022\/11\/masirovani.jpg');\">\r\n            <figure class=\"image-box\"><img decoding=\"async\" src=\"https:\/\/rehabilitaceholesov.cz\/wp-content\/uploads\/2022\/11\/masirovani.jpg\" alt=\"image\"><\/figure>\r\n        <\/div>\r\n        <!--Content Column-->\r\n        <div class=\"content-column\">\r\n            <div class=\"inner-box\">\r\n                <h2>Nab\u00eddka slu\u017eeb<\/h2>\r\n                <div class=\"big-text\"><\/div>\r\n                <div class=\"text\">L\u00e9\u010debn\u00e1 t\u011blesn\u00e1 terapie - Postur\u00e1ln\u00ed terapie dle \u010c\u00e1pov\u00e9 (baz\u00e1ln\u00ed programy), DNS, SM syst\u00e9m <br>\r\nTechniky m\u011bkk\u00fdch tk\u00e1n\u00ed  a  mobilizace kloub\u016f <br>\r\nKraniosakr\u00e1ln\u00ed terapie <br>\r\nViscer\u00e1ln\u00ed terapie <br>\r\nSomatoemocion\u00e1ln\u00ed uvoln\u011bn\u00ed <br>\r\nMetamorfn\u00ed technika <br>\r\nElektrol\u00e9\u010dba \u2013 ultrazvuk, magnetoterapie, n\u00edzkofrekven\u010dn\u00ed proudy, ra\u0161elinov\u00e9 z\u00e1baly <\/div>\r\n                \r\n                <!--Fact Counter-->\r\n                <div class=\"fact-counter\">\r\n                    <div class=\"row clearfix\">\r\n                    \t                    <\/div>\r\n                <\/div>\r\n                \r\n            <\/div>\r\n        <\/div>\r\n    <\/div>\r\n<\/section>\r\n<!--End Fluid Section One--><\/div><\/div><\/div><\/div><\/section><section class=\"kc-elm kc-css-11833 kc_row\"><div class=\"kc-row-container  kc-container\"><div class=\"kc-wrap-columns\"><div class=\"kc-elm kc-css-759639 kc_col-sm-12 kc_column kc_col-sm-12\"><div class=\"kc-col-container\"><!--Cliniuc Section-->\r\n<section class=\"clinic-section\">\r\n    <div class=\"auto-container\">\r\n        <div class=\"row clearfix\">\r\n            <!--Image Column-->\r\n            <div class=\"image-column col-md-6 col-sm-12 col-xs-12\">\r\n                <div class=\"inner-column\">\r\n                    <div class=\"image\">\r\n                        <img decoding=\"async\" src=\"https:\/\/rehabilitaceholesov.cz\/wp-content\/uploads\/2022\/11\/IMG_20190918_105602-scaled.jpg\" alt=\"image\" \/>\r\n                    <\/div>\r\n                <\/div>\r\n            <\/div>\r\n            <!--Content Column-->\r\n            <div class=\"content-column col-md-6 col-sm-12 col-xs-12\">\r\n                <div class=\"content-inner\">\r\n                    <h2>Marcela \u017d\u00e1rsk\u00e1<\/h2>\r\n                    <div class=\"title\"><\/div>\r\n                    <div class=\"text\">\r\n                        <p>Chiropractic mind is the act of utilizing spinal arrangement to ease a wide assortment of physical infirmities, including muscle strain, neck torment, endless back torment, and then some. This is expert by altering the position of the spinal segment to its appropriate shape, giving a non-intrusive<\/p>\r\n<p>At Healing Chiropractic our chiropractic group is prepared to address with you to talk about your issues. We will outline a program that is appropriate for you. We anticipate meeting you.<\/p>                    <\/div>\r\n                    <div class=\"signature\"><img decoding=\"async\" src=\"\" alt=\"image\" \/><\/div>\r\n                <\/div>\r\n            <\/div>\r\n        <\/div>\r\n    <\/div>\r\n<\/section>\r\n<!--End Cliniuc Section--><\/div><\/div><\/div><\/div><\/section><section class=\"kc-elm kc-css-522103 kc_row\"><div class=\"kc-row-container\"><div class=\"kc-wrap-columns\"><div class=\"kc-elm kc-css-656422 kc_col-sm-12 kc_column kc_col-sm-12\"><div class=\"kc-col-container\"> \r\n   \r\n\r\n<!--Testimonial Section-->\r\n<section class=\"testimonial-section\" style=\"background-image:url('https:\/\/rehabilitaceholesov.cz\/wp-content\/uploads\/2017\/12\/1.jpg');\">\r\n    <div class=\"auto-container\">\r\n        <div class=\"single-item-carousel owl-carousel owl-theme\">\r\n        \t            <!--Testimonial Block-->\r\n            <div class=\"testimonial-block\">\r\n                <div class=\"inner-box\">\r\n                    <div class=\"author\">\r\n                        <img decoding=\"async\" width=\"98\" height=\"98\" src=\"https:\/\/rehabilitaceholesov.cz\/wp-content\/uploads\/2017\/12\/author-1-98x98.jpg\" class=\"attachment-doxwell_98x98 size-doxwell_98x98 wp-post-image\" alt=\"\" srcset=\"https:\/\/rehabilitaceholesov.cz\/wp-content\/uploads\/2017\/12\/author-1.jpg 98w, https:\/\/rehabilitaceholesov.cz\/wp-content\/uploads\/2017\/12\/author-1-12x12.jpg 12w\" sizes=\"(max-width: 98px) 100vw, 98px\" \/>                    <\/div>\r\n                    <div class=\"text\"><span class=\"icon flaticon-left-quote\"><\/span> &ensp;Osed quia consequuntur magni dolores eos qui ratione voluptatem sequi nesciunt. Neque porro quisquam est, qui dolorem ipsum quia dolor sit amet, consectetur, adipisci sed quia non numquam qui ratione voluptatem sequi nesciunt. Neque porro quisquam est.  &ensp;<span class=\"icon flaticon-right-quotation-sign\"><\/span><\/div>\r\n                    <div class=\"author-name\">- Robert joe<\/div>\r\n                <\/div>\r\n            <\/div>\r\n                        <!--Testimonial Block-->\r\n            <div class=\"testimonial-block\">\r\n                <div class=\"inner-box\">\r\n                    <div class=\"author\">\r\n                        <img decoding=\"async\" width=\"98\" height=\"98\" src=\"https:\/\/rehabilitaceholesov.cz\/wp-content\/uploads\/2017\/12\/author-1-98x98.jpg\" class=\"attachment-doxwell_98x98 size-doxwell_98x98 wp-post-image\" alt=\"\" srcset=\"https:\/\/rehabilitaceholesov.cz\/wp-content\/uploads\/2017\/12\/author-1.jpg 98w, https:\/\/rehabilitaceholesov.cz\/wp-content\/uploads\/2017\/12\/author-1-12x12.jpg 12w\" sizes=\"(max-width: 98px) 100vw, 98px\" \/>                    <\/div>\r\n                    <div class=\"text\"><span class=\"icon flaticon-left-quote\"><\/span> &ensp;Osed quia consequuntur magni dolores eos qui ratione voluptatem sequi nesciunt. Neque porro quisquam est, qui dolorem ipsum quia dolor sit amet, consectetur, adipisci sed quia non numquam qui ratione voluptatem sequi nesciunt. Neque porro quisquam est.  &ensp;<span class=\"icon flaticon-right-quotation-sign\"><\/span><\/div>\r\n                    <div class=\"author-name\">- Robert joe<\/div>\r\n                <\/div>\r\n            <\/div>\r\n                        <!--Testimonial Block-->\r\n            <div class=\"testimonial-block\">\r\n                <div class=\"inner-box\">\r\n                    <div class=\"author\">\r\n                        <img decoding=\"async\" width=\"98\" height=\"98\" src=\"https:\/\/rehabilitaceholesov.cz\/wp-content\/uploads\/2017\/12\/author-1-98x98.jpg\" class=\"attachment-doxwell_98x98 size-doxwell_98x98 wp-post-image\" alt=\"\" srcset=\"https:\/\/rehabilitaceholesov.cz\/wp-content\/uploads\/2017\/12\/author-1.jpg 98w, https:\/\/rehabilitaceholesov.cz\/wp-content\/uploads\/2017\/12\/author-1-12x12.jpg 12w\" sizes=\"(max-width: 98px) 100vw, 98px\" \/>                    <\/div>\r\n                    <div class=\"text\"><span class=\"icon flaticon-left-quote\"><\/span> &ensp;Osed quia consequuntur magni dolores eos qui ratione voluptatem sequi nesciunt. Neque porro quisquam est, qui dolorem ipsum quia dolor sit amet, consectetur, adipisci sed quia non numquam qui ratione voluptatem sequi nesciunt. Neque porro quisquam est.  &ensp;<span class=\"icon flaticon-right-quotation-sign\"><\/span><\/div>\r\n                    <div class=\"author-name\">- Robert joe<\/div>\r\n                <\/div>\r\n            <\/div>\r\n                    <\/div>\r\n    <\/div>\r\n<\/section>\r\n<!--End Testimonial Section-->\r\n\r\n<\/div><\/div><\/div><\/div><\/section><\/p>","protected":false},"excerpt":{"rendered":"","protected":false},"author":1,"featured_media":0,"parent":0,"menu_order":0,"comment_status":"closed","ping_status":"closed","template":"tpl-king_composer.php","meta":{"footnotes":"","_links_to":"","_links_to_target":""},"class_list":["post-120","page","type-page","status-publish","hentry"],"yoast_head":"<!-- This site is optimized with the Yoast SEO plugin v27.4 - https:\/\/yoast.com\/product\/yoast-seo-wordpress\/ -->\n<title>O n\u00e1s - Rehabilitace KINESIS s.r.o.<\/title>\n<meta name=\"description\" content=\"Ordinace REHABILITACE KINESIS s.r.o., Hole\u0161ov. Ambulantn\u00ed pracovi\u0161t\u011b fyzioterapie v Hole\u0161ov\u011b. Prov\u00e1d\u00edme m\u011bkk\u00e9 a mobiliza\u010dn\u00ed techniky a individu\u00e1ln\u00ed cvi\u010den\u00ed atd.\" \/>\n<meta name=\"robots\" content=\"index, follow, max-snippet:-1, max-image-preview:large, max-video-preview:-1\" \/>\n<link rel=\"canonical\" href=\"https:\/\/rehabilitaceholesov.cz\/en\/o-nas\/\" \/>\n<meta property=\"og:locale\" content=\"en_GB\" \/>\n<meta property=\"og:type\" content=\"article\" \/>\n<meta property=\"og:title\" content=\"Rehabilitace KINESIS\" \/>\n<meta property=\"og:description\" content=\"Ordinace REHABILITACE KINESIS s.r.o., Hole\u0161ov. Ambulantn\u00ed pracovi\u0161t\u011b fyzioterapie v Hole\u0161ov\u011b. Prov\u00e1d\u00edme m\u011bkk\u00e9 a mobiliza\u010dn\u00ed techniky a individu\u00e1ln\u00ed cvi\u010den\u00ed atd.\" \/>\n<meta property=\"og:url\" content=\"https:\/\/rehabilitaceholesov.cz\/en\/o-nas\/\" \/>\n<meta property=\"og:site_name\" content=\"Rehabilitace KINESIS s.r.o.\" \/>\n<meta property=\"article:modified_time\" content=\"2022-11-28T11:33:51+00:00\" \/>\n<meta property=\"og:image\" content=\"https:\/\/rehabilitaceholesov.cz\/wp-content\/uploads\/2022\/11\/1-1.png\" \/>\n\t<meta property=\"og:image:width\" content=\"601\" \/>\n\t<meta property=\"og:image:height\" content=\"198\" \/>\n\t<meta property=\"og:image:type\" content=\"image\/png\" \/>\n<meta name=\"twitter:card\" content=\"summary_large_image\" \/>\n<meta name=\"twitter:label1\" content=\"Estimated reading time\" \/>\n\t<meta name=\"twitter:data1\" content=\"1 minute\" \/>\n<script type=\"application\/ld+json\" class=\"yoast-schema-graph\">{\"@context\":\"https:\\\/\\\/schema.org\",\"@graph\":[{\"@type\":\"WebPage\",\"@id\":\"https:\\\/\\\/rehabilitaceholesov.cz\\\/en\\\/o-nas\\\/\",\"url\":\"https:\\\/\\\/rehabilitaceholesov.cz\\\/en\\\/o-nas\\\/\",\"name\":\"O n\u00e1s - Rehabilitace KINESIS s.r.o.\",\"isPartOf\":{\"@id\":\"https:\\\/\\\/rehabilitaceholesov.cz\\\/en\\\/#website\"},\"primaryImageOfPage\":{\"@id\":\"https:\\\/\\\/rehabilitaceholesov.cz\\\/en\\\/o-nas\\\/#primaryimage\"},\"image\":{\"@id\":\"https:\\\/\\\/rehabilitaceholesov.cz\\\/en\\\/o-nas\\\/#primaryimage\"},\"thumbnailUrl\":\"https:\\\/\\\/rehabilitaceholesov.cz\\\/wp-content\\\/uploads\\\/2022\\\/11\\\/masaz-lecba.jpg\",\"datePublished\":\"2017-12-09T09:02:29+00:00\",\"dateModified\":\"2022-11-28T11:33:51+00:00\",\"description\":\"Ordinace REHABILITACE KINESIS s.r.o., Hole\u0161ov. Ambulantn\u00ed pracovi\u0161t\u011b fyzioterapie v Hole\u0161ov\u011b. Prov\u00e1d\u00edme m\u011bkk\u00e9 a mobiliza\u010dn\u00ed techniky a individu\u00e1ln\u00ed cvi\u010den\u00ed atd.\",\"breadcrumb\":{\"@id\":\"https:\\\/\\\/rehabilitaceholesov.cz\\\/en\\\/o-nas\\\/#breadcrumb\"},\"inLanguage\":\"en-GB\",\"potentialAction\":[{\"@type\":\"ReadAction\",\"target\":[\"https:\\\/\\\/rehabilitaceholesov.cz\\\/en\\\/o-nas\\\/\"]}]},{\"@type\":\"ImageObject\",\"inLanguage\":\"en-GB\",\"@id\":\"https:\\\/\\\/rehabilitaceholesov.cz\\\/en\\\/o-nas\\\/#primaryimage\",\"url\":\"https:\\\/\\\/rehabilitaceholesov.cz\\\/wp-content\\\/uploads\\\/2022\\\/11\\\/masaz-lecba.jpg\",\"contentUrl\":\"https:\\\/\\\/rehabilitaceholesov.cz\\\/wp-content\\\/uploads\\\/2022\\\/11\\\/masaz-lecba.jpg\"},{\"@type\":\"BreadcrumbList\",\"@id\":\"https:\\\/\\\/rehabilitaceholesov.cz\\\/en\\\/o-nas\\\/#breadcrumb\",\"itemListElement\":[{\"@type\":\"ListItem\",\"position\":1,\"name\":\"Dom\u016f\",\"item\":\"https:\\\/\\\/rehabilitaceholesov.cz\\\/\"},{\"@type\":\"ListItem\",\"position\":2,\"name\":\"O n\u00e1s\"}]},{\"@type\":\"WebSite\",\"@id\":\"https:\\\/\\\/rehabilitaceholesov.cz\\\/en\\\/#website\",\"url\":\"https:\\\/\\\/rehabilitaceholesov.cz\\\/en\\\/\",\"name\":\"Rehabilitace KINESIS s.r.o.\",\"description\":\"Rehabilita\u010dn\u00ed centrum v Hole\u0161ov\u011b\",\"potentialAction\":[{\"@type\":\"SearchAction\",\"target\":{\"@type\":\"EntryPoint\",\"urlTemplate\":\"https:\\\/\\\/rehabilitaceholesov.cz\\\/en\\\/?s={search_term_string}\"},\"query-input\":{\"@type\":\"PropertyValueSpecification\",\"valueRequired\":true,\"valueName\":\"search_term_string\"}}],\"inLanguage\":\"en-GB\"}]}<\/script>\n<!-- \/ Yoast SEO plugin. -->","yoast_head_json":{"title":"O n\u00e1s - Rehabilitace KINESIS s.r.o.","description":"Ordinace REHABILITACE KINESIS s.r.o., Hole\u0161ov. Ambulantn\u00ed pracovi\u0161t\u011b fyzioterapie v Hole\u0161ov\u011b. Prov\u00e1d\u00edme m\u011bkk\u00e9 a mobiliza\u010dn\u00ed techniky a individu\u00e1ln\u00ed cvi\u010den\u00ed atd.","robots":{"index":"index","follow":"follow","max-snippet":"max-snippet:-1","max-image-preview":"max-image-preview:large","max-video-preview":"max-video-preview:-1"},"canonical":"https:\/\/rehabilitaceholesov.cz\/en\/o-nas\/","og_locale":"en_GB","og_type":"article","og_title":"Rehabilitace KINESIS","og_description":"Ordinace REHABILITACE KINESIS s.r.o., Hole\u0161ov. Ambulantn\u00ed pracovi\u0161t\u011b fyzioterapie v Hole\u0161ov\u011b. Prov\u00e1d\u00edme m\u011bkk\u00e9 a mobiliza\u010dn\u00ed techniky a individu\u00e1ln\u00ed cvi\u010den\u00ed atd.","og_url":"https:\/\/rehabilitaceholesov.cz\/en\/o-nas\/","og_site_name":"Rehabilitace KINESIS s.r.o.","article_modified_time":"2022-11-28T11:33:51+00:00","og_image":[{"width":601,"height":198,"url":"https:\/\/rehabilitaceholesov.cz\/wp-content\/uploads\/2022\/11\/1-1.png","type":"image\/png"}],"twitter_card":"summary_large_image","twitter_misc":{"Estimated reading time":"1 minute"},"schema":{"@context":"https:\/\/schema.org","@graph":[{"@type":"WebPage","@id":"https:\/\/rehabilitaceholesov.cz\/en\/o-nas\/","url":"https:\/\/rehabilitaceholesov.cz\/en\/o-nas\/","name":"O n\u00e1s - Rehabilitace KINESIS s.r.o.","isPartOf":{"@id":"https:\/\/rehabilitaceholesov.cz\/en\/#website"},"primaryImageOfPage":{"@id":"https:\/\/rehabilitaceholesov.cz\/en\/o-nas\/#primaryimage"},"image":{"@id":"https:\/\/rehabilitaceholesov.cz\/en\/o-nas\/#primaryimage"},"thumbnailUrl":"https:\/\/rehabilitaceholesov.cz\/wp-content\/uploads\/2022\/11\/masaz-lecba.jpg","datePublished":"2017-12-09T09:02:29+00:00","dateModified":"2022-11-28T11:33:51+00:00","description":"Ordinace REHABILITACE KINESIS s.r.o., Hole\u0161ov. Ambulantn\u00ed pracovi\u0161t\u011b fyzioterapie v Hole\u0161ov\u011b. Prov\u00e1d\u00edme m\u011bkk\u00e9 a mobiliza\u010dn\u00ed techniky a individu\u00e1ln\u00ed cvi\u010den\u00ed atd.","breadcrumb":{"@id":"https:\/\/rehabilitaceholesov.cz\/en\/o-nas\/#breadcrumb"},"inLanguage":"en-GB","potentialAction":[{"@type":"ReadAction","target":["https:\/\/rehabilitaceholesov.cz\/en\/o-nas\/"]}]},{"@type":"ImageObject","inLanguage":"en-GB","@id":"https:\/\/rehabilitaceholesov.cz\/en\/o-nas\/#primaryimage","url":"https:\/\/rehabilitaceholesov.cz\/wp-content\/uploads\/2022\/11\/masaz-lecba.jpg","contentUrl":"https:\/\/rehabilitaceholesov.cz\/wp-content\/uploads\/2022\/11\/masaz-lecba.jpg"},{"@type":"BreadcrumbList","@id":"https:\/\/rehabilitaceholesov.cz\/en\/o-nas\/#breadcrumb","itemListElement":[{"@type":"ListItem","position":1,"name":"Dom\u016f","item":"https:\/\/rehabilitaceholesov.cz\/"},{"@type":"ListItem","position":2,"name":"O n\u00e1s"}]},{"@type":"WebSite","@id":"https:\/\/rehabilitaceholesov.cz\/en\/#website","url":"https:\/\/rehabilitaceholesov.cz\/en\/","name":"Rehabilitace KINESIS s.r.o.","description":"Rehabilita\u010dn\u00ed centrum v Hole\u0161ov\u011b","potentialAction":[{"@type":"SearchAction","target":{"@type":"EntryPoint","urlTemplate":"https:\/\/rehabilitaceholesov.cz\/en\/?s={search_term_string}"},"query-input":{"@type":"PropertyValueSpecification","valueRequired":true,"valueName":"search_term_string"}}],"inLanguage":"en-GB"}]}},"_links":{"self":[{"href":"https:\/\/rehabilitaceholesov.cz\/en\/wp-json\/wp\/v2\/pages\/120","targetHints":{"allow":["GET"]}}],"collection":[{"href":"https:\/\/rehabilitaceholesov.cz\/en\/wp-json\/wp\/v2\/pages"}],"about":[{"href":"https:\/\/rehabilitaceholesov.cz\/en\/wp-json\/wp\/v2\/types\/page"}],"author":[{"embeddable":true,"href":"https:\/\/rehabilitaceholesov.cz\/en\/wp-json\/wp\/v2\/users\/1"}],"replies":[{"embeddable":true,"href":"https:\/\/rehabilitaceholesov.cz\/en\/wp-json\/wp\/v2\/comments?post=120"}],"version-history":[{"count":34,"href":"https:\/\/rehabilitaceholesov.cz\/en\/wp-json\/wp\/v2\/pages\/120\/revisions"}],"predecessor-version":[{"id":1118,"href":"https:\/\/rehabilitaceholesov.cz\/en\/wp-json\/wp\/v2\/pages\/120\/revisions\/1118"}],"wp:attachment":[{"href":"https:\/\/rehabilitaceholesov.cz\/en\/wp-json\/wp\/v2\/media?parent=120"}],"curies":[{"name":"wp","href":"https:\/\/api.w.org\/{rel}","templated":true}]}}