{"id":185,"date":"2017-12-12T06:17:03","date_gmt":"2017-12-12T06:17:03","guid":{"rendered":"http:\/\/wp2.commonsupport.com\/newwp\/doxwell\/?page_id=185"},"modified":"2022-11-24T16:18:15","modified_gmt":"2022-11-24T16:18:15","slug":"blog","status":"publish","type":"page","link":"https:\/\/rehabilitaceholesov.cz\/en\/blog\/","title":{"rendered":"Blog"},"content":{"rendered":"<section class=\"kc-elm kc-css-63232 kc_row\"><div class=\"kc-row-container  kc-container\"><div class=\"kc-wrap-columns\"><div class=\"kc-elm kc-css-16573 kc_col-sm-12 kc_column kc_col-sm-12\"><div class=\"kc-col-container\">\r\n<!--Blog Grid Section-->\r\n<div class=\"blog-grid-section\">\r\n    <div class=\"auto-container\">\r\n        <div class=\"row clearfix\">\r\n                        <!--News Block Four-->\r\n            <div class=\"news-block-four col-md-6 col-sm-6 col-xs-12\">\r\n                <div class=\"inner-box\">\r\n                    <div class=\"image\">\r\n                        <a href=\"https:\/\/rehabilitaceholesov.cz\/en\/bolest-hlavy\/\">\r\n\t\t\t\t\t\t\t<img fetchpriority=\"high\" decoding=\"async\" width=\"570\" height=\"360\" src=\"https:\/\/rehabilitaceholesov.cz\/wp-content\/uploads\/2017\/12\/upset-g074750984_1920-570x360.jpg\" class=\"attachment-doxwell_570x360 size-doxwell_570x360 wp-post-image\" alt=\"\" srcset=\"https:\/\/rehabilitaceholesov.cz\/wp-content\/uploads\/2017\/12\/upset-g074750984_1920-570x360.jpg 570w, https:\/\/rehabilitaceholesov.cz\/wp-content\/uploads\/2017\/12\/upset-g074750984_1920-18x12.jpg 18w\" sizes=\"(max-width: 570px) 100vw, 570px\" \/>                        <\/a>\r\n                    <\/div>\r\n                    <div class=\"lower-content\">\r\n                        <div class=\"post-date\">14 Dec, 2017<\/div>\r\n                        <h3><a href=\"https:\/\/rehabilitaceholesov.cz\/en\/bolest-hlavy\/\">Bolest hlavy<\/a><\/h3>\r\n                        <div class=\"lower-box\">\r\n                            <div class=\"text\">Bolest hlavy Bol\u00ed V\u00e1s \u010dasto hlavy nebo kr\u010dn\u00ed p\u00e1te\u0159?Jak \u010dasto? Vypozorovali jste jestli m\u00e1 na tu bolest n\u011bjak\u00fd vliv?M\u00e1te plnou hlavu? Co v\u00a0n\u00ed v\u0161echno nos\u00edte? M\u00e1te pocit, \u017ee V\u00e1m praskne? Pocit tlaku?Jakou nos\u00edte podprsenku? Netla\u010d\u00ed V\u00e1s p\u0159\u00edli\u0161 na ramenou p\u0159es trap\u00e9zy? Jak\u00fd m\u00e1te krevn\u00ed tlak? Jste neust\u00e1le ve stresu, pod ...<\/div>\r\n                            <a href=\"https:\/\/rehabilitaceholesov.cz\/en\/bolest-hlavy\/\" class=\"theme-btn btn-style-three\">Read More<\/a>\r\n                        <\/div>\r\n                    <\/div>\r\n                <\/div>\r\n            <\/div>\r\n                        <!--News Block Four-->\r\n            <div class=\"news-block-four col-md-6 col-sm-6 col-xs-12\">\r\n                <div class=\"inner-box\">\r\n                    <div class=\"image\">\r\n                        <a href=\"https:\/\/rehabilitaceholesov.cz\/en\/cas-pro-sebe\/\">\r\n\t\t\t\t\t\t\t<img decoding=\"async\" width=\"570\" height=\"360\" src=\"https:\/\/rehabilitaceholesov.cz\/wp-content\/uploads\/2022\/11\/yoga-gd771c0b79_1920-570x360.jpg\" class=\"attachment-doxwell_570x360 size-doxwell_570x360 wp-post-image\" alt=\"\" srcset=\"https:\/\/rehabilitaceholesov.cz\/wp-content\/uploads\/2022\/11\/yoga-gd771c0b79_1920-570x360.jpg 570w, https:\/\/rehabilitaceholesov.cz\/wp-content\/uploads\/2022\/11\/yoga-gd771c0b79_1920-18x12.jpg 18w\" sizes=\"(max-width: 570px) 100vw, 570px\" \/>                        <\/a>\r\n                    <\/div>\r\n                    <div class=\"lower-content\">\r\n                        <div class=\"post-date\">20 Nov, 2022<\/div>\r\n                        <h3><a href=\"https:\/\/rehabilitaceholesov.cz\/en\/cas-pro-sebe\/\">\u010cas pro sebe<\/a><\/h3>\r\n                        <div class=\"lower-box\">\r\n                            <div class=\"text\">\u010cas pro sebe V\u00a0dne\u0161n\u00edm shonu je d\u016fle\u017eit\u00e9 si napl\u00e1novat \u010das\u2026\u010das pro sebe, rodinu, pr\u00e1ci\u2026Za\u010dn\u011bte ur\u010dit\u011b s\u00a0\u010dasem pro sebe.M\u011bjte se r\u00e1di. Va\u017ete si sami sebe. M\u011bjte r\u00e1di sv\u00e9 t\u011blo \u2013 to pro V\u00e1s ud\u011bl\u00e1 opravdu hodn\u011b.Napl\u00e1nujte si relax .. to,co m\u00e1te r\u00e1di a d\u011bl\u00e1 V\u00e1s \u0161\u0165astn\u00fdmi, spokojen\u00fdmi\u2026.,mas\u00e1\u017e, kosmetiku, meditaci, cvi\u010den\u00ed, divadlo, ...<\/div>\r\n                            <a href=\"https:\/\/rehabilitaceholesov.cz\/en\/cas-pro-sebe\/\" class=\"theme-btn btn-style-three\">Read More<\/a>\r\n                        <\/div>\r\n                    <\/div>\r\n                <\/div>\r\n            <\/div>\r\n                        <!--News Block Four-->\r\n            <div class=\"news-block-four col-md-6 col-sm-6 col-xs-12\">\r\n                <div class=\"inner-box\">\r\n                    <div class=\"image\">\r\n                        <a href=\"https:\/\/rehabilitaceholesov.cz\/en\/trapi-vas-neco\/\">\r\n\t\t\t\t\t\t\t<img decoding=\"async\" width=\"570\" height=\"360\" src=\"https:\/\/rehabilitaceholesov.cz\/wp-content\/uploads\/2022\/11\/back-g26d3411f6_1920-570x360.jpg\" class=\"attachment-doxwell_570x360 size-doxwell_570x360 wp-post-image\" alt=\"\" srcset=\"https:\/\/rehabilitaceholesov.cz\/wp-content\/uploads\/2022\/11\/back-g26d3411f6_1920-570x360.jpg 570w, https:\/\/rehabilitaceholesov.cz\/wp-content\/uploads\/2022\/11\/back-g26d3411f6_1920-18x12.jpg 18w\" sizes=\"(max-width: 570px) 100vw, 570px\" \/>                        <\/a>\r\n                    <\/div>\r\n                    <div class=\"lower-content\">\r\n                        <div class=\"post-date\">20 Nov, 2022<\/div>\r\n                        <h3><a href=\"https:\/\/rehabilitaceholesov.cz\/en\/trapi-vas-neco\/\">Tr\u00e1p\u00ed V\u00e1s n\u011bco?<\/a><\/h3>\r\n                        <div class=\"lower-box\">\r\n                            <div class=\"text\">Tr\u00e1p\u00ed V\u00e1s n\u011bco? Bol\u00ed V\u00e1s z\u00e1da?A co s t\u00edm d\u011bl\u00e1te?D\u00e1te si pr\u00e1\u0161ek a pokra\u010dujete d\u00e1l ve stejn\u00e9m pracovn\u00edm re\u017eimu, ve stejn\u00e9m \u017eivotn\u00edm tempu? Ka\u017ed\u00e1 bolest je pro V\u00e1s upozorn\u011bn\u00edm . ZASTAVTE SE!Vn\u00edmejte sv\u00e9 t\u011blo, bolest je vlastn\u011b pro V\u00e1s alarmem, \u017ee m\u00e1te n\u011bco d\u011blat jinak! Poslouchejte sv\u00e9 t\u011blo, sv\u00e9 pocity\u2026..a ...<\/div>\r\n                            <a href=\"https:\/\/rehabilitaceholesov.cz\/en\/trapi-vas-neco\/\" class=\"theme-btn btn-style-three\">Read More<\/a>\r\n                        <\/div>\r\n                    <\/div>\r\n                <\/div>\r\n            <\/div>\r\n                        <!--News Block Four-->\r\n            <div class=\"news-block-four col-md-6 col-sm-6 col-xs-12\">\r\n                <div class=\"inner-box\">\r\n                    <div class=\"image\">\r\n                        <a href=\"https:\/\/rehabilitaceholesov.cz\/en\/kdyz-vas-neco-boli\/\">\r\n\t\t\t\t\t\t\t<img loading=\"lazy\" decoding=\"async\" width=\"570\" height=\"360\" src=\"https:\/\/rehabilitaceholesov.cz\/wp-content\/uploads\/2022\/11\/woman-gc0744a2c7_1920-570x360.jpg\" class=\"attachment-doxwell_570x360 size-doxwell_570x360 wp-post-image\" alt=\"\" srcset=\"https:\/\/rehabilitaceholesov.cz\/wp-content\/uploads\/2022\/11\/woman-gc0744a2c7_1920-570x360.jpg 570w, https:\/\/rehabilitaceholesov.cz\/wp-content\/uploads\/2022\/11\/woman-gc0744a2c7_1920-18x12.jpg 18w\" sizes=\"(max-width: 570px) 100vw, 570px\" \/>                        <\/a>\r\n                    <\/div>\r\n                    <div class=\"lower-content\">\r\n                        <div class=\"post-date\">20 Nov, 2022<\/div>\r\n                        <h3><a href=\"https:\/\/rehabilitaceholesov.cz\/en\/kdyz-vas-neco-boli\/\">Kdy\u017e V\u00e1s n\u011bco bol\u00ed&#8230;<\/a><\/h3>\r\n                        <div class=\"lower-box\">\r\n                            <div class=\"text\">Kdy\u017e V\u00e1s n\u011bco bol\u00ed&#8230; \u00b7\u00a0\u00a0\u00a0\u00a0\u00a0\u00a0\u00a0\u00a0 Zastavte se!\u00b7\u00a0\u00a0\u00a0\u00a0\u00a0\u00a0\u00a0\u00a0 Zhodno\u0165te si, jak se c\u00edt\u00edte a jak je to v\u00e1\u017en\u00e9.\u00b7\u00a0\u00a0\u00a0\u00a0\u00a0\u00a0\u00a0\u00a0 Zajd\u011bte k\u00a0fyzioterapeutovi a nebo k\u00a0l\u00e9ka\u0159i, nechte se vy\u0161et\u0159it a poradit si.\u00b7\u00a0\u00a0\u00a0\u00a0\u00a0\u00a0\u00a0\u00a0 Vyberte si, co vyhovuje Va\u0161emu t\u011blu a celkov\u011b V\u00e1m samotn\u00fdm\u00b7\u00a0\u00a0\u00a0\u00a0\u00a0\u00a0\u00a0\u00a0 Bu\u010fte zodpov\u011bdn\u00ed \u00a0sami k\u00a0sob\u011b a zm\u011b\u0148te sv\u016fj p\u0159\u00edstup \u2013 t\u011blo V\u00e1s na ...<\/div>\r\n                            <a href=\"https:\/\/rehabilitaceholesov.cz\/en\/kdyz-vas-neco-boli\/\" class=\"theme-btn btn-style-three\">Read More<\/a>\r\n                        <\/div>\r\n                    <\/div>\r\n                <\/div>\r\n            <\/div>\r\n                        <!--News Block Four-->\r\n            <div class=\"news-block-four col-md-6 col-sm-6 col-xs-12\">\r\n                <div class=\"inner-box\">\r\n                    <div class=\"image\">\r\n                        <a href=\"https:\/\/rehabilitaceholesov.cz\/en\/vliv-negativity-vnitrni-agrese\/\">\r\n\t\t\t\t\t\t\t<img loading=\"lazy\" decoding=\"async\" width=\"570\" height=\"360\" src=\"https:\/\/rehabilitaceholesov.cz\/wp-content\/uploads\/2022\/11\/alternative-medicine-g8340d8914_1920-570x360.jpg\" class=\"attachment-doxwell_570x360 size-doxwell_570x360 wp-post-image\" alt=\"\" srcset=\"https:\/\/rehabilitaceholesov.cz\/wp-content\/uploads\/2022\/11\/alternative-medicine-g8340d8914_1920-570x360.jpg 570w, https:\/\/rehabilitaceholesov.cz\/wp-content\/uploads\/2022\/11\/alternative-medicine-g8340d8914_1920-18x12.jpg 18w\" sizes=\"(max-width: 570px) 100vw, 570px\" \/>                        <\/a>\r\n                    <\/div>\r\n                    <div class=\"lower-content\">\r\n                        <div class=\"post-date\">20 Nov, 2022<\/div>\r\n                        <h3><a href=\"https:\/\/rehabilitaceholesov.cz\/en\/vliv-negativity-vnitrni-agrese\/\">Vliv negativity, vnit\u0159n\u00ed agrese<\/a><\/h3>\r\n                        <div class=\"lower-box\">\r\n                            <div class=\"text\">Vliv ngativity, vnit\u0159n\u00ed agrese M\u00e1te \u0161patn\u00fd den? Vylo\u017een\u011b p\u0159etlak v\u00a0hlav\u011b? N\u011bco V\u00e1s \u0161tve? Zu\u0159\u00edte? Pot\u0159ebujete upustit p\u00e1ru?Rozhodn\u011b to mus\u00ed ven!!!Bol\u00ed V\u00e1s b\u0159icho, \u017ealudek, \u017elu\u010dn\u00edk nebo hlava? \u2013 ten tlak mus\u00ed ven, a\u0165 se negativn\u00ed energie nehromad\u00ed ve Va\u0161em t\u011ble a neonemocn\u00edte.M\u016f\u017eete vyu\u017e\u00edt r\u016fzn\u00e9 techniky na uvoln\u011bn\u00ed vnit\u0159n\u00ed agrese\u2026. Chce se ...<\/div>\r\n                            <a href=\"https:\/\/rehabilitaceholesov.cz\/en\/vliv-negativity-vnitrni-agrese\/\" class=\"theme-btn btn-style-three\">Read More<\/a>\r\n                        <\/div>\r\n                    <\/div>\r\n                <\/div>\r\n            <\/div>\r\n                        <!--News Block Four-->\r\n            <div class=\"news-block-four col-md-6 col-sm-6 col-xs-12\">\r\n                <div class=\"inner-box\">\r\n                    <div class=\"image\">\r\n                        <a href=\"https:\/\/rehabilitaceholesov.cz\/en\/vliv-psychiky-na-zdravi-cloveka\/\">\r\n\t\t\t\t\t\t\t<img loading=\"lazy\" decoding=\"async\" width=\"570\" height=\"360\" src=\"https:\/\/rehabilitaceholesov.cz\/wp-content\/uploads\/2022\/11\/masirovani-570x360.jpg\" class=\"attachment-doxwell_570x360 size-doxwell_570x360 wp-post-image\" alt=\"\" \/>                        <\/a>\r\n                    <\/div>\r\n                    <div class=\"lower-content\">\r\n                        <div class=\"post-date\">20 Nov, 2022<\/div>\r\n                        <h3><a href=\"https:\/\/rehabilitaceholesov.cz\/en\/vliv-psychiky-na-zdravi-cloveka\/\">Vliv psychiky na zdrav\u00ed \u010dlov\u011bka<\/a><\/h3>\r\n                        <div class=\"lower-box\">\r\n                            <div class=\"text\">Vliv ngativity, vnit\u0159n\u00ed agrese P\u0159em\u00fd\u0161leli jste o tom n\u011bkdy?M\u00e1 vliv V\u00e1\u0161 psychick\u00fd stav na Va\u0161e zdrav\u00ed?Pokud \u010dlov\u011bk pro\u017e\u00edv\u00e1 stres, v\u011bt\u0161\u00ed psychick\u00e9 nap\u011bt\u00ed, m\u00e1 to vliv na funkci jeho t\u011bla.Zm\u011bn\u00ed se jeho pr\u00e1ce d\u00edky zm\u011bn\u011b metabolismu, kdy se uvoln\u00ed stresov\u00e9 hormony a ty pak ovliv\u0148uj\u00ed dal\u0161\u00ed vylu\u010dov\u00e1n\u00ed jin\u00fdch hormon\u016f a t\u00edm ...<\/div>\r\n                            <a href=\"https:\/\/rehabilitaceholesov.cz\/en\/vliv-psychiky-na-zdravi-cloveka\/\" class=\"theme-btn btn-style-three\">Read More<\/a>\r\n                        <\/div>\r\n                    <\/div>\r\n                <\/div>\r\n            <\/div>\r\n                    <\/div>\r\n    <\/div>\r\n<\/div>\r\n<!--End Blog Grid Section-->\r\n\r\n<\/div><\/div><\/div><\/div><\/section>","protected":false},"excerpt":{"rendered":"","protected":false},"author":1,"featured_media":0,"parent":0,"menu_order":0,"comment_status":"closed","ping_status":"closed","template":"tpl-king_composer.php","meta":{"footnotes":"","_links_to":"","_links_to_target":""},"class_list":["post-185","page","type-page","status-publish","hentry"],"yoast_head":"<!-- This site is optimized with the Yoast SEO plugin v27.4 - https:\/\/yoast.com\/product\/yoast-seo-wordpress\/ -->\n<title>Blog - Rehabilitace KINESIS s.r.o.<\/title>\n<meta name=\"description\" content=\"Ordinace REHABILITACE KINESIS s.r.o., Hole\u0161ov. Ambulantn\u00ed pracovi\u0161t\u011b fyzioterapie v Hole\u0161ov\u011b. Prov\u00e1d\u00edme m\u011bkk\u00e9 a mobiliza\u010dn\u00ed techniky a individu\u00e1ln\u00ed cvi\u010den\u00ed atd.\" \/>\n<meta name=\"robots\" content=\"index, follow, max-snippet:-1, max-image-preview:large, max-video-preview:-1\" \/>\n<link rel=\"canonical\" href=\"https:\/\/rehabilitaceholesov.cz\/en\/blog\/\" \/>\n<meta property=\"og:locale\" content=\"en_GB\" \/>\n<meta property=\"og:type\" content=\"article\" \/>\n<meta property=\"og:title\" content=\"Rehabilitace KINESIS\" \/>\n<meta property=\"og:description\" content=\"Ordinace REHABILITACE KINESIS s.r.o., Hole\u0161ov. Ambulantn\u00ed pracovi\u0161t\u011b fyzioterapie v Hole\u0161ov\u011b. Prov\u00e1d\u00edme m\u011bkk\u00e9 a mobiliza\u010dn\u00ed techniky a individu\u00e1ln\u00ed cvi\u010den\u00ed atd.\" \/>\n<meta property=\"og:url\" content=\"https:\/\/rehabilitaceholesov.cz\/en\/blog\/\" \/>\n<meta property=\"og:site_name\" content=\"Rehabilitace KINESIS s.r.o.\" \/>\n<meta property=\"article:modified_time\" content=\"2022-11-24T16:18:15+00:00\" \/>\n<meta property=\"og:image\" content=\"https:\/\/rehabilitaceholesov.cz\/wp-content\/uploads\/2022\/11\/1-1.png\" \/>\n\t<meta property=\"og:image:width\" content=\"601\" \/>\n\t<meta property=\"og:image:height\" content=\"198\" \/>\n\t<meta property=\"og:image:type\" content=\"image\/png\" \/>\n<meta name=\"twitter:card\" content=\"summary_large_image\" \/>\n<meta name=\"twitter:label1\" content=\"Estimated reading time\" \/>\n\t<meta name=\"twitter:data1\" content=\"1 minute\" \/>\n<script type=\"application\/ld+json\" class=\"yoast-schema-graph\">{\"@context\":\"https:\\\/\\\/schema.org\",\"@graph\":[{\"@type\":\"WebPage\",\"@id\":\"https:\\\/\\\/rehabilitaceholesov.cz\\\/en\\\/blog\\\/\",\"url\":\"https:\\\/\\\/rehabilitaceholesov.cz\\\/en\\\/blog\\\/\",\"name\":\"Blog - Rehabilitace KINESIS s.r.o.\",\"isPartOf\":{\"@id\":\"https:\\\/\\\/rehabilitaceholesov.cz\\\/en\\\/#website\"},\"primaryImageOfPage\":{\"@id\":\"https:\\\/\\\/rehabilitaceholesov.cz\\\/en\\\/blog\\\/#primaryimage\"},\"image\":{\"@id\":\"https:\\\/\\\/rehabilitaceholesov.cz\\\/en\\\/blog\\\/#primaryimage\"},\"thumbnailUrl\":\"https:\\\/\\\/rehabilitaceholesov.cz\\\/wp-content\\\/uploads\\\/2017\\\/12\\\/upset-g074750984_1920-570x360.jpg\",\"datePublished\":\"2017-12-12T06:17:03+00:00\",\"dateModified\":\"2022-11-24T16:18:15+00:00\",\"description\":\"Ordinace REHABILITACE KINESIS s.r.o., Hole\u0161ov. Ambulantn\u00ed pracovi\u0161t\u011b fyzioterapie v Hole\u0161ov\u011b. Prov\u00e1d\u00edme m\u011bkk\u00e9 a mobiliza\u010dn\u00ed techniky a individu\u00e1ln\u00ed cvi\u010den\u00ed atd.\",\"breadcrumb\":{\"@id\":\"https:\\\/\\\/rehabilitaceholesov.cz\\\/en\\\/blog\\\/#breadcrumb\"},\"inLanguage\":\"en-GB\",\"potentialAction\":[{\"@type\":\"ReadAction\",\"target\":[\"https:\\\/\\\/rehabilitaceholesov.cz\\\/en\\\/blog\\\/\"]}]},{\"@type\":\"ImageObject\",\"inLanguage\":\"en-GB\",\"@id\":\"https:\\\/\\\/rehabilitaceholesov.cz\\\/en\\\/blog\\\/#primaryimage\",\"url\":\"https:\\\/\\\/rehabilitaceholesov.cz\\\/wp-content\\\/uploads\\\/2017\\\/12\\\/upset-g074750984_1920-570x360.jpg\",\"contentUrl\":\"https:\\\/\\\/rehabilitaceholesov.cz\\\/wp-content\\\/uploads\\\/2017\\\/12\\\/upset-g074750984_1920-570x360.jpg\"},{\"@type\":\"BreadcrumbList\",\"@id\":\"https:\\\/\\\/rehabilitaceholesov.cz\\\/en\\\/blog\\\/#breadcrumb\",\"itemListElement\":[{\"@type\":\"ListItem\",\"position\":1,\"name\":\"Dom\u016f\",\"item\":\"https:\\\/\\\/rehabilitaceholesov.cz\\\/\"},{\"@type\":\"ListItem\",\"position\":2,\"name\":\"Blog\"}]},{\"@type\":\"WebSite\",\"@id\":\"https:\\\/\\\/rehabilitaceholesov.cz\\\/en\\\/#website\",\"url\":\"https:\\\/\\\/rehabilitaceholesov.cz\\\/en\\\/\",\"name\":\"Rehabilitace KINESIS s.r.o.\",\"description\":\"Rehabilita\u010dn\u00ed centrum v Hole\u0161ov\u011b\",\"potentialAction\":[{\"@type\":\"SearchAction\",\"target\":{\"@type\":\"EntryPoint\",\"urlTemplate\":\"https:\\\/\\\/rehabilitaceholesov.cz\\\/en\\\/?s={search_term_string}\"},\"query-input\":{\"@type\":\"PropertyValueSpecification\",\"valueRequired\":true,\"valueName\":\"search_term_string\"}}],\"inLanguage\":\"en-GB\"}]}<\/script>\n<!-- \/ Yoast SEO plugin. -->","yoast_head_json":{"title":"Blog - Rehabilitace KINESIS s.r.o.","description":"Ordinace REHABILITACE KINESIS s.r.o., Hole\u0161ov. Ambulantn\u00ed pracovi\u0161t\u011b fyzioterapie v Hole\u0161ov\u011b. Prov\u00e1d\u00edme m\u011bkk\u00e9 a mobiliza\u010dn\u00ed techniky a individu\u00e1ln\u00ed cvi\u010den\u00ed atd.","robots":{"index":"index","follow":"follow","max-snippet":"max-snippet:-1","max-image-preview":"max-image-preview:large","max-video-preview":"max-video-preview:-1"},"canonical":"https:\/\/rehabilitaceholesov.cz\/en\/blog\/","og_locale":"en_GB","og_type":"article","og_title":"Rehabilitace KINESIS","og_description":"Ordinace REHABILITACE KINESIS s.r.o., Hole\u0161ov. Ambulantn\u00ed pracovi\u0161t\u011b fyzioterapie v Hole\u0161ov\u011b. Prov\u00e1d\u00edme m\u011bkk\u00e9 a mobiliza\u010dn\u00ed techniky a individu\u00e1ln\u00ed cvi\u010den\u00ed atd.","og_url":"https:\/\/rehabilitaceholesov.cz\/en\/blog\/","og_site_name":"Rehabilitace KINESIS s.r.o.","article_modified_time":"2022-11-24T16:18:15+00:00","og_image":[{"width":601,"height":198,"url":"https:\/\/rehabilitaceholesov.cz\/wp-content\/uploads\/2022\/11\/1-1.png","type":"image\/png"}],"twitter_card":"summary_large_image","twitter_misc":{"Estimated reading time":"1 minute"},"schema":{"@context":"https:\/\/schema.org","@graph":[{"@type":"WebPage","@id":"https:\/\/rehabilitaceholesov.cz\/en\/blog\/","url":"https:\/\/rehabilitaceholesov.cz\/en\/blog\/","name":"Blog - Rehabilitace KINESIS s.r.o.","isPartOf":{"@id":"https:\/\/rehabilitaceholesov.cz\/en\/#website"},"primaryImageOfPage":{"@id":"https:\/\/rehabilitaceholesov.cz\/en\/blog\/#primaryimage"},"image":{"@id":"https:\/\/rehabilitaceholesov.cz\/en\/blog\/#primaryimage"},"thumbnailUrl":"https:\/\/rehabilitaceholesov.cz\/wp-content\/uploads\/2017\/12\/upset-g074750984_1920-570x360.jpg","datePublished":"2017-12-12T06:17:03+00:00","dateModified":"2022-11-24T16:18:15+00:00","description":"Ordinace REHABILITACE KINESIS s.r.o., Hole\u0161ov. Ambulantn\u00ed pracovi\u0161t\u011b fyzioterapie v Hole\u0161ov\u011b. Prov\u00e1d\u00edme m\u011bkk\u00e9 a mobiliza\u010dn\u00ed techniky a individu\u00e1ln\u00ed cvi\u010den\u00ed atd.","breadcrumb":{"@id":"https:\/\/rehabilitaceholesov.cz\/en\/blog\/#breadcrumb"},"inLanguage":"en-GB","potentialAction":[{"@type":"ReadAction","target":["https:\/\/rehabilitaceholesov.cz\/en\/blog\/"]}]},{"@type":"ImageObject","inLanguage":"en-GB","@id":"https:\/\/rehabilitaceholesov.cz\/en\/blog\/#primaryimage","url":"https:\/\/rehabilitaceholesov.cz\/wp-content\/uploads\/2017\/12\/upset-g074750984_1920-570x360.jpg","contentUrl":"https:\/\/rehabilitaceholesov.cz\/wp-content\/uploads\/2017\/12\/upset-g074750984_1920-570x360.jpg"},{"@type":"BreadcrumbList","@id":"https:\/\/rehabilitaceholesov.cz\/en\/blog\/#breadcrumb","itemListElement":[{"@type":"ListItem","position":1,"name":"Dom\u016f","item":"https:\/\/rehabilitaceholesov.cz\/"},{"@type":"ListItem","position":2,"name":"Blog"}]},{"@type":"WebSite","@id":"https:\/\/rehabilitaceholesov.cz\/en\/#website","url":"https:\/\/rehabilitaceholesov.cz\/en\/","name":"Rehabilitace KINESIS s.r.o.","description":"Rehabilita\u010dn\u00ed centrum v Hole\u0161ov\u011b","potentialAction":[{"@type":"SearchAction","target":{"@type":"EntryPoint","urlTemplate":"https:\/\/rehabilitaceholesov.cz\/en\/?s={search_term_string}"},"query-input":{"@type":"PropertyValueSpecification","valueRequired":true,"valueName":"search_term_string"}}],"inLanguage":"en-GB"}]}},"_links":{"self":[{"href":"https:\/\/rehabilitaceholesov.cz\/en\/wp-json\/wp\/v2\/pages\/185","targetHints":{"allow":["GET"]}}],"collection":[{"href":"https:\/\/rehabilitaceholesov.cz\/en\/wp-json\/wp\/v2\/pages"}],"about":[{"href":"https:\/\/rehabilitaceholesov.cz\/en\/wp-json\/wp\/v2\/types\/page"}],"author":[{"embeddable":true,"href":"https:\/\/rehabilitaceholesov.cz\/en\/wp-json\/wp\/v2\/users\/1"}],"replies":[{"embeddable":true,"href":"https:\/\/rehabilitaceholesov.cz\/en\/wp-json\/wp\/v2\/comments?post=185"}],"version-history":[{"count":11,"href":"https:\/\/rehabilitaceholesov.cz\/en\/wp-json\/wp\/v2\/pages\/185\/revisions"}],"predecessor-version":[{"id":1036,"href":"https:\/\/rehabilitaceholesov.cz\/en\/wp-json\/wp\/v2\/pages\/185\/revisions\/1036"}],"wp:attachment":[{"href":"https:\/\/rehabilitaceholesov.cz\/en\/wp-json\/wp\/v2\/media?parent=185"}],"curies":[{"name":"wp","href":"https:\/\/api.w.org\/{rel}","templated":true}]}}