{"id":2,"date":"2022-01-03T21:55:39","date_gmt":"2022-01-03T21:55:39","guid":{"rendered":"https:\/\/rehabilitaceholesov.cz\/?page_id=2"},"modified":"2022-11-22T09:51:12","modified_gmt":"2022-11-22T09:51:12","slug":"sample-page","status":"publish","type":"page","link":"https:\/\/rehabilitaceholesov.cz\/en\/sample-page\/","title":{"rendered":"Ochrana soukrom\u00ed"},"content":{"rendered":"<h2><strong>Provozovatel webu<\/strong><\/h2>\n<p>Vlastn\u00edkem a provozovatelem t\u011bchto webov\u00fdch str\u00e1nek jsou<strong> Rehabilitace KINESIS\u00a0<\/strong><\/p>\n<h2><strong>Autorsk\u00e1 pr\u00e1va<\/strong><\/h2>\n<p>Obsah webu je v cel\u00e9m rozsahu chr\u00e1n\u011bn autorsk\u00fdm pr\u00e1vem. Nen\u00ed-li v\u00fdslovn\u011b uvedeno jinak, nen\u00ed mo\u017en\u00e9 obsah p\u0159eb\u00edrat, kop\u00edrovat, reprodukovat ani d\u00e1le \u0161\u00ed\u0159it jin\u00fdmi kan\u00e1ly, s v\u00fdjimkou tisku pro osobn\u00ed pot\u0159ebu a stru\u010dn\u00fdch citac\u00ed \u010di n\u00e1hled\u016f na soci\u00e1ln\u00edch s\u00edt\u00edch s uveden\u00edm zdroje. Souhlas s u\u017eit\u00edm obsahu mus\u00ed b\u00fdt v\u017edy p\u00edsemn\u00fd a lze o n\u011bj po\u017e\u00e1dat.<\/p>\n<h2><strong>Prohl\u00e1\u0161en\u00ed o p\u0159\u00edstupnosti<\/strong><\/h2>\n<p>Autor www str\u00e1nek prohla\u0161uje, \u017ee tyto str\u00e1nky se sna\u017e\u00ed o\u00a0maxim\u00e1ln\u00ed p\u0159\u00edstupnost obsahu i\u00a0v\u0161ech sv\u00fdch funk\u010dnost\u00ed pro v\u0161echny u\u017eivatele internetu.<\/p>\n<p>Webov\u00e1 prezentace je vytvo\u0159ena HTML 5.0, vizu\u00e1ln\u00ed str\u00e1nka prezentace pak s\u00a0vyu\u017eit\u00edm CSS 3.<\/p>\n<h2><strong>Informace o tv\u016frci webu<\/strong><\/h2>\n<p>Webov\u00e9 str\u00e1nky jsou vytvo\u0159eny na publika\u010dn\u00edm syst\u00e9mu WORDPRESS. Str\u00e1nky vytvo\u0159il a navrhl Mgr. Tom\u00e1\u0161 Valach. Kontaktovat jej m\u016f\u017eete na\u00a0<a href=\"https:\/\/tomasvalach.cz\/\">www.tomasvalach.cz<\/a><\/p>\n<h2><strong>Ochrana dat<\/strong><\/h2>\n<p>P\u0159\u00edstup na str\u00e1nky\u00a0m\u016f\u017ee b\u00fdt ze strany Provozovatele podm\u00edn\u011bn poskytnut\u00edm n\u011bkter\u00fdch osobn\u00edch \u00fadaj\u016f U\u017eivatele ve smyslu z\u00e1k. \u010d. 101\/2000 Sb., o ochran\u011b osobn\u00edch \u00fadaj\u016f a p\u0159\u00edpadn\u011b i pr\u00e1vn\u00edch p\u0159edpis\u016f, v platn\u00e9m zn\u011bn\u00ed. V takov\u00e9m p\u0159\u00edpad\u011b bude Provozovatel s t\u011bmito \u00fadaji nakl\u00e1dat v souladu s platn\u00fdmi pr\u00e1vn\u00edmi p\u0159edpisy. Poskytnut\u00edm t\u011bchto \u00fadaj\u016f vyslovuje U\u017eivatel souhlas se zpracov\u00e1n\u00ed osobn\u00edch \u00fadaj\u016f Provozovatelem.<\/p>\n<h2><strong>K\u00f3dy t\u0159et\u00edch stran<\/strong><\/h2>\n<p>Provozovatel spolupracuje se spole\u010dnostmi, kter\u00e9 mu poskytuj\u00ed r\u016fzn\u00e9 slu\u017eby. Tyto spole\u010dnosti, pokud jsou k\u00a0tomu opr\u00e1vn\u011bn\u00e9, mohou nakl\u00e1dat s\u00a0osobn\u00edmi \u00fadaji u\u017eivatele, p\u0159i\u010dem\u017e s\u00a0t\u011bmito informacemi pracuj\u00ed pouze p\u0159i pln\u011bn\u00ed sv\u00fdch povinnost\u00ed a\u00a0nesm\u00ed je pou\u017e\u00edt k\u00a0jin\u00e9mu \u00fa\u010delu. Provozovatel neprod\u00e1v\u00e1, nep\u0159ev\u00e1d\u00ed a\u00a0nesd\u011bluje osobn\u00ed \u00fadaje t\u0159et\u00edm stran\u00e1m, pokud to nen\u00ed t\u0159eba k\u00a0napln\u011bn\u00ed pr\u00e1vn\u00edch p\u0159edpis\u016f.<\/p>\n<p>Pokud si u\u017eivatel p\u0159eje opravit nebo smazat osobn\u00ed data, kter\u00e9 o\u00a0n\u011bm provozovatel m\u00e1, m\u016f\u017ee jej o\u00a0to po\u017e\u00e1dat prost\u0159ednictv\u00edm kontaktn\u00edch \u00fadaj\u016f uveden\u00fdch na\u00a0t\u011bchto str\u00e1nk\u00e1ch.<\/p>","protected":false},"excerpt":{"rendered":"<p>Provozovatel webu Vlastn\u00edkem a provozovatelem t\u011bchto webov\u00fdch str\u00e1nek jsou Rehabilitace KINESIS\u00a0 Autorsk\u00e1 pr\u00e1va Obsah webu je v cel\u00e9m rozsahu chr\u00e1n\u011bn autorsk\u00fdm pr\u00e1vem. Nen\u00ed-li v\u00fdslovn\u011b uvedeno jinak, nen\u00ed mo\u017en\u00e9 obsah p\u0159eb\u00edrat, kop\u00edrovat, reprodukovat ani d\u00e1le \u0161\u00ed\u0159it jin\u00fdmi kan\u00e1ly, s v\u00fdjimkou tisku pro osobn\u00ed pot\u0159ebu a stru\u010dn\u00fdch citac\u00ed \u010di n\u00e1hled\u016f na soci\u00e1ln\u00edch s\u00edt\u00edch s uveden\u00edm zdroje. Souhlas<\/p>","protected":false},"author":1,"featured_media":0,"parent":0,"menu_order":0,"comment_status":"closed","ping_status":"closed","template":"","meta":{"footnotes":"","_links_to":"","_links_to_target":""},"class_list":["post-2","page","type-page","status-publish","hentry"],"yoast_head":"<!-- This site is optimized with the Yoast SEO plugin v25.5 - https:\/\/yoast.com\/wordpress\/plugins\/seo\/ -->\n<title>Ochrana soukrom\u00ed - Rehabilitace KINESIS s.r.o.<\/title>\n<meta name=\"description\" content=\"Ordinace REHABILITACE KINESIS s.r.o., Hole\u0161ov. Ambulantn\u00ed pracovi\u0161t\u011b fyzioterapie v Hole\u0161ov\u011b. Prov\u00e1d\u00edme m\u011bkk\u00e9 a mobiliza\u010dn\u00ed techniky a individu\u00e1ln\u00ed cvi\u010den\u00ed atd.\" \/>\n<meta name=\"robots\" content=\"index, follow, max-snippet:-1, max-image-preview:large, max-video-preview:-1\" \/>\n<link rel=\"canonical\" href=\"https:\/\/rehabilitaceholesov.cz\/en\/sample-page\/\" \/>\n<meta property=\"og:locale\" content=\"en_GB\" \/>\n<meta property=\"og:type\" content=\"article\" \/>\n<meta property=\"og:title\" content=\"Rehabilitace KINESIS\" \/>\n<meta property=\"og:description\" content=\"Ordinace REHABILITACE KINESIS s.r.o., Hole\u0161ov. Ambulantn\u00ed pracovi\u0161t\u011b fyzioterapie v Hole\u0161ov\u011b. Prov\u00e1d\u00edme m\u011bkk\u00e9 a mobiliza\u010dn\u00ed techniky a individu\u00e1ln\u00ed cvi\u010den\u00ed atd.\" \/>\n<meta property=\"og:url\" content=\"https:\/\/rehabilitaceholesov.cz\/en\/sample-page\/\" \/>\n<meta property=\"og:site_name\" content=\"Rehabilitace KINESIS s.r.o.\" \/>\n<meta property=\"article:modified_time\" content=\"2022-11-22T09:51:12+00:00\" \/>\n<meta property=\"og:image\" content=\"https:\/\/rehabilitaceholesov.cz\/wp-content\/uploads\/2022\/11\/1-1.png\" \/>\n\t<meta property=\"og:image:width\" content=\"601\" \/>\n\t<meta property=\"og:image:height\" content=\"198\" \/>\n\t<meta property=\"og:image:type\" content=\"image\/png\" \/>\n<meta name=\"twitter:card\" content=\"summary_large_image\" \/>\n<meta name=\"twitter:label1\" content=\"Estimated reading time\" \/>\n\t<meta name=\"twitter:data1\" content=\"2 minutes\" \/>\n<script type=\"application\/ld+json\" class=\"yoast-schema-graph\">{\"@context\":\"https:\/\/schema.org\",\"@graph\":[{\"@type\":\"WebPage\",\"@id\":\"https:\/\/rehabilitaceholesov.cz\/en\/sample-page\/\",\"url\":\"https:\/\/rehabilitaceholesov.cz\/en\/sample-page\/\",\"name\":\"Ochrana soukrom\u00ed - Rehabilitace KINESIS s.r.o.\",\"isPartOf\":{\"@id\":\"https:\/\/rehabilitaceholesov.cz\/en\/#website\"},\"datePublished\":\"2022-01-03T21:55:39+00:00\",\"dateModified\":\"2022-11-22T09:51:12+00:00\",\"description\":\"Ordinace REHABILITACE KINESIS s.r.o., Hole\u0161ov. Ambulantn\u00ed pracovi\u0161t\u011b fyzioterapie v Hole\u0161ov\u011b. Prov\u00e1d\u00edme m\u011bkk\u00e9 a mobiliza\u010dn\u00ed techniky a individu\u00e1ln\u00ed cvi\u010den\u00ed atd.\",\"breadcrumb\":{\"@id\":\"https:\/\/rehabilitaceholesov.cz\/en\/sample-page\/#breadcrumb\"},\"inLanguage\":\"en-GB\",\"potentialAction\":[{\"@type\":\"ReadAction\",\"target\":[\"https:\/\/rehabilitaceholesov.cz\/en\/sample-page\/\"]}]},{\"@type\":\"BreadcrumbList\",\"@id\":\"https:\/\/rehabilitaceholesov.cz\/en\/sample-page\/#breadcrumb\",\"itemListElement\":[{\"@type\":\"ListItem\",\"position\":1,\"name\":\"Dom\u016f\",\"item\":\"https:\/\/rehabilitaceholesov.cz\/\"},{\"@type\":\"ListItem\",\"position\":2,\"name\":\"Ochrana soukrom\u00ed\"}]},{\"@type\":\"WebSite\",\"@id\":\"https:\/\/rehabilitaceholesov.cz\/en\/#website\",\"url\":\"https:\/\/rehabilitaceholesov.cz\/en\/\",\"name\":\"Rehabilitace KINESIS s.r.o.\",\"description\":\"Rehabilita\u010dn\u00ed centrum v Hole\u0161ov\u011b\",\"potentialAction\":[{\"@type\":\"SearchAction\",\"target\":{\"@type\":\"EntryPoint\",\"urlTemplate\":\"https:\/\/rehabilitaceholesov.cz\/en\/?s={search_term_string}\"},\"query-input\":{\"@type\":\"PropertyValueSpecification\",\"valueRequired\":true,\"valueName\":\"search_term_string\"}}],\"inLanguage\":\"en-GB\"}]}<\/script>\n<!-- \/ Yoast SEO plugin. -->","yoast_head_json":{"title":"Ochrana soukrom\u00ed - Rehabilitace KINESIS s.r.o.","description":"Ordinace REHABILITACE KINESIS s.r.o., Hole\u0161ov. Ambulantn\u00ed pracovi\u0161t\u011b fyzioterapie v Hole\u0161ov\u011b. Prov\u00e1d\u00edme m\u011bkk\u00e9 a mobiliza\u010dn\u00ed techniky a individu\u00e1ln\u00ed cvi\u010den\u00ed atd.","robots":{"index":"index","follow":"follow","max-snippet":"max-snippet:-1","max-image-preview":"max-image-preview:large","max-video-preview":"max-video-preview:-1"},"canonical":"https:\/\/rehabilitaceholesov.cz\/en\/sample-page\/","og_locale":"en_GB","og_type":"article","og_title":"Rehabilitace KINESIS","og_description":"Ordinace REHABILITACE KINESIS s.r.o., Hole\u0161ov. Ambulantn\u00ed pracovi\u0161t\u011b fyzioterapie v Hole\u0161ov\u011b. Prov\u00e1d\u00edme m\u011bkk\u00e9 a mobiliza\u010dn\u00ed techniky a individu\u00e1ln\u00ed cvi\u010den\u00ed atd.","og_url":"https:\/\/rehabilitaceholesov.cz\/en\/sample-page\/","og_site_name":"Rehabilitace KINESIS s.r.o.","article_modified_time":"2022-11-22T09:51:12+00:00","og_image":[{"width":601,"height":198,"url":"https:\/\/rehabilitaceholesov.cz\/wp-content\/uploads\/2022\/11\/1-1.png","type":"image\/png"}],"twitter_card":"summary_large_image","twitter_misc":{"Estimated reading time":"2 minutes"},"schema":{"@context":"https:\/\/schema.org","@graph":[{"@type":"WebPage","@id":"https:\/\/rehabilitaceholesov.cz\/en\/sample-page\/","url":"https:\/\/rehabilitaceholesov.cz\/en\/sample-page\/","name":"Ochrana soukrom\u00ed - Rehabilitace KINESIS s.r.o.","isPartOf":{"@id":"https:\/\/rehabilitaceholesov.cz\/en\/#website"},"datePublished":"2022-01-03T21:55:39+00:00","dateModified":"2022-11-22T09:51:12+00:00","description":"Ordinace REHABILITACE KINESIS s.r.o., Hole\u0161ov. Ambulantn\u00ed pracovi\u0161t\u011b fyzioterapie v Hole\u0161ov\u011b. Prov\u00e1d\u00edme m\u011bkk\u00e9 a mobiliza\u010dn\u00ed techniky a individu\u00e1ln\u00ed cvi\u010den\u00ed atd.","breadcrumb":{"@id":"https:\/\/rehabilitaceholesov.cz\/en\/sample-page\/#breadcrumb"},"inLanguage":"en-GB","potentialAction":[{"@type":"ReadAction","target":["https:\/\/rehabilitaceholesov.cz\/en\/sample-page\/"]}]},{"@type":"BreadcrumbList","@id":"https:\/\/rehabilitaceholesov.cz\/en\/sample-page\/#breadcrumb","itemListElement":[{"@type":"ListItem","position":1,"name":"Dom\u016f","item":"https:\/\/rehabilitaceholesov.cz\/"},{"@type":"ListItem","position":2,"name":"Ochrana soukrom\u00ed"}]},{"@type":"WebSite","@id":"https:\/\/rehabilitaceholesov.cz\/en\/#website","url":"https:\/\/rehabilitaceholesov.cz\/en\/","name":"Rehabilitace KINESIS s.r.o.","description":"Rehabilita\u010dn\u00ed centrum v Hole\u0161ov\u011b","potentialAction":[{"@type":"SearchAction","target":{"@type":"EntryPoint","urlTemplate":"https:\/\/rehabilitaceholesov.cz\/en\/?s={search_term_string}"},"query-input":{"@type":"PropertyValueSpecification","valueRequired":true,"valueName":"search_term_string"}}],"inLanguage":"en-GB"}]}},"_links":{"self":[{"href":"https:\/\/rehabilitaceholesov.cz\/en\/wp-json\/wp\/v2\/pages\/2","targetHints":{"allow":["GET"]}}],"collection":[{"href":"https:\/\/rehabilitaceholesov.cz\/en\/wp-json\/wp\/v2\/pages"}],"about":[{"href":"https:\/\/rehabilitaceholesov.cz\/en\/wp-json\/wp\/v2\/types\/page"}],"author":[{"embeddable":true,"href":"https:\/\/rehabilitaceholesov.cz\/en\/wp-json\/wp\/v2\/users\/1"}],"replies":[{"embeddable":true,"href":"https:\/\/rehabilitaceholesov.cz\/en\/wp-json\/wp\/v2\/comments?post=2"}],"version-history":[{"count":3,"href":"https:\/\/rehabilitaceholesov.cz\/en\/wp-json\/wp\/v2\/pages\/2\/revisions"}],"predecessor-version":[{"id":1018,"href":"https:\/\/rehabilitaceholesov.cz\/en\/wp-json\/wp\/v2\/pages\/2\/revisions\/1018"}],"wp:attachment":[{"href":"https:\/\/rehabilitaceholesov.cz\/en\/wp-json\/wp\/v2\/media?parent=2"}],"curies":[{"name":"wp","href":"https:\/\/api.w.org\/{rel}","templated":true}]}}