{"id":355,"date":"2017-12-17T06:31:11","date_gmt":"2017-12-17T06:31:11","guid":{"rendered":"http:\/\/wp2.commonsupport.com\/newwp\/doxwell\/?page_id=355"},"modified":"2022-11-22T09:50:57","modified_gmt":"2022-11-22T09:50:57","slug":"kontakt","status":"publish","type":"page","link":"https:\/\/rehabilitaceholesov.cz\/en\/kontakt\/","title":{"rendered":"Kontakt"},"content":{"rendered":"<p><section class=\"kc-elm kc-css-388350 kc_row\"><div class=\"kc-row-container  kc-container\"><div class=\"kc-wrap-columns\"><div class=\"kc-elm kc-css-741142 kc_col-sm-5 kc_column kc_col-sm-5\"><div class=\"kc-col-container\">\n<div class=\"kc-elm kc-css-980141 kc-title-wrap\">\n\n\t<h1 class=\"kc_title\">REHABILITACE KINESIS s.r.o.<\/h1>\n<\/div>\n<div class=\"kc-elm kc-css-375268\" style=\"height: 15px; clear: both; width:100%;\"><\/div><div class=\"kc-elm kc-css-33521 kc_text_block\"><\/p>\n<ul style=\"box-sizing: border-box; margin: 0px; padding: 0px; border: none; outline: none; list-style: none; position: relative;\">\n<li><strong>Adresa<\/strong><br \/>\n<a href=\"https:\/\/www.google.com\/maps?ll=49.331033,17.572917&amp;z=16&amp;t=m&amp;hl=cs&amp;gl=CZ&amp;mapclient=embed&amp;cid=12620116336503804994\" target=\"_blank\" rel=\"noopener\"><strong>Su\u0161ilova 478, 769 Hole\u0161ov<\/strong><\/a><\/li>\n<li><br style=\"box-sizing: border-box; margin: 0px; padding: 0px; border: none; outline: none;\" \/><strong>Email<br \/>\n<a href=\"mailto:info@rehabilitaceholesov.cz\" target=\"_blank\" rel=\"noopener\">info@rehabilitaceholesov.cz<\/a><\/strong><\/li>\n<\/ul>\n<p>\n<\/div><div class=\"kc-elm kc-css-879321\" style=\"height: 30px; clear: both; width:100%;\"><\/div><div class=\"kc-elm kc-css-574536 kc_text_block\"><\/p>\n<h4><strong>Kontakt<\/strong><\/h4>\n<ul>\n<li><strong>Marcela \u017d\u00e1rsk\u00e1: <a href=\"tel:+420777336628\" target=\"_blank\" rel=\"noopener\">+420 777 336 628<\/a><br \/>\n<\/strong><\/li>\n<li><strong>Ordinace: <a href=\"tel:+420725814334\">+420 725 814 334<\/a><\/strong><br \/>\n<blockquote>\n<p>Ordina\u010dn\u00ed doba dle objedn\u00e1vek<\/p>\n<\/blockquote>\n<\/li>\n<\/ul>\n<p>\n<\/div><div class=\"kc-elm kc-css-978471\" style=\"height: 25px; clear: both; width:100%;\"><\/div>\n<div class=\"kc-elm kc-css-884277 kc-title-wrap\">\n\n\t<h4 class=\"kc_title\">M\u00e1me smlouvy s<\/h4>\n<\/div>\n<div class=\"kc-elm kc-css-311748 kc_text_block\"><\/p>\n<ul>\n<li>&#8211; V\u0161eobecnou zdravotn\u00ed poji\u0161\u0165ovnou<\/li>\n<li>&#8211; Rev\u00edrn\u00ed bratrskou pokladnou<\/li>\n<li>&#8211; \u010ceskou pr\u016fmyslovou zdravotn\u00ed poji\u0161\u0165ovnou<\/li>\n<li>&#8211; Zdravotn\u00ed poji\u0161\u0165ovnou Ministerstva Vnitra<\/li>\n<\/ul>\n<ul style=\"box-sizing: border-box; margin: 0px; padding: 0px; border: none; outline: none; list-style: none; position: relative;\">\n<li style=\"box-sizing: border-box; margin: 0px 0px 20px; padding: 0px; border: none; outline: none; list-style: none; position: relative; font-size: 18px; line-height: 1.6em;\"><\/li>\n<\/ul>\n<p>\n<\/div><div class=\"kc-elm kc-css-598400\" style=\"height: 25px; clear: both; width:100%;\"><\/div><div class=\"kc-elm kc-css-606314 kc_text_block\"><\/p>\n<p>P\u00e9\u010di si m\u016f\u017eete tak\u00e9 hradit sami.<\/p>\n<ul style=\"box-sizing: border-box; margin: 0px; padding: 0px; border: none; outline: none; list-style: none; position: relative;\">\n<li style=\"box-sizing: border-box; margin: 0px 0px 20px; padding: 0px; border: none; outline: none; list-style: none; position: relative; font-size: 18px; line-height: 1.6em;\"><\/li>\n<\/ul>\n<p>\n<\/div><\/div><\/div><div class=\"kc-elm kc-css-709471 kc_col-sm-7 kc_column kc_col-sm-7\"><div class=\"kc-col-container\"><div class=\"kc-elm kc-css-279641\" style=\"height: 20px; clear: both; width:100%;\"><\/div><div class=\"kc-elm kc-css-434183 kc_google_maps kc_shortcode\"><div style=\"height: 600px\" class=\"kc-google-maps\"><iframe src=\"https:\/\/www.google.com\/maps\/embed?pb=!1m18!1m12!1m3!1d2600.115755173129!2d17.570725951442878!3d49.33102722923515!2m3!1f0!2f0!3f0!3m2!1i1024!2i768!4f13.1!3m3!1m2!1s0x471309e000e1b6f1%3A0xaf23a8f19d69d442!2sPoliklinika%20Hole%C5%A1ov!5e0!3m2!1scs!2scz!4v1667578864746!5m2!1scs!2scz\" width=\"100%\" height=\"600\" style=\"border:0;\" allowfullscreen=\"\" loading=\"lazy\" referrerpolicy=\"no-referrer-when-downgrade\"><\/iframe><\/div><\/div><\/div><\/div><\/div><\/div><\/section><section class=\"kc-elm kc-css-792407 kc_row\"><div class=\"kc-row-container\"><div class=\"kc-wrap-columns\"><div class=\"kc-elm kc-css-929319 kc_col-sm-12 kc_column kc_col-sm-12\"><div class=\"kc-col-container\"><!--Faq Form Section-->\n<section class=\"faq-form-section\">\n    <div class=\"auto-container\">\n    \n        <!--Faq Form-->\n        <div class=\"faq-form-box\">\n            <h2>Zeptejte se n\u00e1s pomoc\u00ed kontaktn\u00edho formul\u00e1\u0159e.<\/h2>\n            \n            <!--Contact Form-->\n            \n<div class=\"wpcf7 no-js\" id=\"wpcf7-f181-o1\" lang=\"en-US\" dir=\"ltr\" data-wpcf7-id=\"181\">\n<div class=\"screen-reader-response\"><p role=\"status\" aria-live=\"polite\" aria-atomic=\"true\"><\/p> <ul><\/ul><\/div>\n<form action=\"\/en\/wp-json\/wp\/v2\/pages\/355#wpcf7-f181-o1\" method=\"post\" class=\"wpcf7-form init\" aria-label=\"Contact form\" novalidate=\"novalidate\" data-status=\"init\" data-trp-original-action=\"\/en\/wp-json\/wp\/v2\/pages\/355#wpcf7-f181-o1\">\n<fieldset class=\"hidden-fields-container\"><input type=\"hidden\" name=\"_wpcf7\" value=\"181\" \/><input type=\"hidden\" name=\"_wpcf7_version\" value=\"6.1\" \/><input type=\"hidden\" name=\"_wpcf7_locale\" value=\"en_US\" \/><input type=\"hidden\" name=\"_wpcf7_unit_tag\" value=\"wpcf7-f181-o1\" \/><input type=\"hidden\" name=\"_wpcf7_container_post\" value=\"0\" \/><input type=\"hidden\" name=\"_wpcf7_posted_data_hash\" value=\"\" \/><input type=\"hidden\" name=\"_wpcf7_recaptcha_response\" value=\"\" \/>\n<\/fieldset>\n<div class=\"form-group\">\n\t<p><span class=\"wpcf7-form-control-wrap\" data-name=\"text-77\"><input size=\"40\" maxlength=\"400\" class=\"wpcf7-form-control wpcf7-text wpcf7-validates-as-required\" aria-required=\"true\" aria-invalid=\"false\" placeholder=\"Va\u0161e jm\u00e9no\" value=\"\" type=\"text\" name=\"text-77\" \/><\/span>\n\t<\/p>\n<\/div>\n<div class=\"form-group\">\n\t<p><span class=\"wpcf7-form-control-wrap\" data-name=\"email-802\"><input size=\"40\" maxlength=\"400\" class=\"wpcf7-form-control wpcf7-email wpcf7-validates-as-required wpcf7-text wpcf7-validates-as-email\" aria-required=\"true\" aria-invalid=\"false\" placeholder=\"V\u00e1\u0161 email\" value=\"\" type=\"email\" name=\"email-802\" \/><\/span>\n\t<\/p>\n<\/div>\n<div class=\"form-group\">\n\t<p><span class=\"wpcf7-form-control-wrap\" data-name=\"textarea-634\"><textarea cols=\"40\" rows=\"10\" maxlength=\"2000\" class=\"wpcf7-form-control wpcf7-textarea\" aria-invalid=\"false\" placeholder=\"V\u00e1\u0161 dotaz\" name=\"textarea-634\"><\/textarea><\/span>\n\t<\/p>\n<\/div>\n<div class=\"form-group text-center\">\n\t<p><input class=\"wpcf7-form-control wpcf7-submit has-spinner\" type=\"submit\" value=\"Send\" \/>\n\t<\/p>\n<\/div><p style=\"display: none !important;\"><label>&#916;<textarea name=\"_wpcf7_ak_hp_textarea\" cols=\"45\" rows=\"8\" maxlength=\"100\"><\/textarea><\/label><input type=\"hidden\" id=\"ak_js_1\" name=\"_wpcf7_ak_js\" value=\"102\"\/><script>document.getElementById( \"ak_js_1\" ).setAttribute( \"value\", ( new Date() ).getTime() );<\/script><\/p><div class=\"wpcf7-response-output\" aria-hidden=\"true\"><\/div>\n<input type=\"hidden\" name=\"trp-form-language\" value=\"en\"\/><\/form>\n<\/div>\n        <\/div>\n        <!--End Faq Form-->\n    <\/div>\n<\/section><\/div><\/div><\/div><\/div><\/section><\/p>","protected":false},"excerpt":{"rendered":"","protected":false},"author":1,"featured_media":0,"parent":0,"menu_order":0,"comment_status":"closed","ping_status":"closed","template":"tpl-king_composer.php","meta":{"footnotes":"","_links_to":"","_links_to_target":""},"class_list":["post-355","page","type-page","status-publish","hentry"],"yoast_head":"<!-- This site is optimized with the Yoast SEO plugin v27.4 - https:\/\/yoast.com\/product\/yoast-seo-wordpress\/ -->\n<title>Kontakt - Rehabilitace KINESIS s.r.o.<\/title>\n<meta name=\"description\" content=\"Ordinace REHABILITACE KINESIS s.r.o., Hole\u0161ov. Ambulantn\u00ed pracovi\u0161t\u011b fyzioterapie v Hole\u0161ov\u011b. Prov\u00e1d\u00edme m\u011bkk\u00e9 a mobiliza\u010dn\u00ed techniky a individu\u00e1ln\u00ed cvi\u010den\u00ed atd.\" \/>\n<meta name=\"robots\" content=\"index, follow, max-snippet:-1, max-image-preview:large, max-video-preview:-1\" \/>\n<link rel=\"canonical\" href=\"https:\/\/rehabilitaceholesov.cz\/en\/kontakt\/\" \/>\n<meta property=\"og:locale\" content=\"en_GB\" \/>\n<meta property=\"og:type\" content=\"article\" \/>\n<meta property=\"og:title\" content=\"Rehabilitace KINESIS\" \/>\n<meta property=\"og:description\" content=\"Ordinace REHABILITACE KINESIS s.r.o., Hole\u0161ov. Ambulantn\u00ed pracovi\u0161t\u011b fyzioterapie v Hole\u0161ov\u011b. Prov\u00e1d\u00edme m\u011bkk\u00e9 a mobiliza\u010dn\u00ed techniky a individu\u00e1ln\u00ed cvi\u010den\u00ed atd.\" \/>\n<meta property=\"og:url\" content=\"https:\/\/rehabilitaceholesov.cz\/en\/kontakt\/\" \/>\n<meta property=\"og:site_name\" content=\"Rehabilitace KINESIS s.r.o.\" \/>\n<meta property=\"article:modified_time\" content=\"2022-11-22T09:50:57+00:00\" \/>\n<meta property=\"og:image\" content=\"https:\/\/rehabilitaceholesov.cz\/wp-content\/uploads\/2022\/11\/1-1.png\" \/>\n\t<meta property=\"og:image:width\" content=\"601\" \/>\n\t<meta property=\"og:image:height\" content=\"198\" \/>\n\t<meta property=\"og:image:type\" content=\"image\/png\" \/>\n<meta name=\"twitter:card\" content=\"summary_large_image\" \/>\n<meta name=\"twitter:label1\" content=\"Estimated reading time\" \/>\n\t<meta name=\"twitter:data1\" content=\"1 minute\" \/>\n<script type=\"application\/ld+json\" class=\"yoast-schema-graph\">{\"@context\":\"https:\\\/\\\/schema.org\",\"@graph\":[{\"@type\":\"WebPage\",\"@id\":\"https:\\\/\\\/rehabilitaceholesov.cz\\\/en\\\/kontakt\\\/\",\"url\":\"https:\\\/\\\/rehabilitaceholesov.cz\\\/en\\\/kontakt\\\/\",\"name\":\"Kontakt - Rehabilitace KINESIS s.r.o.\",\"isPartOf\":{\"@id\":\"https:\\\/\\\/rehabilitaceholesov.cz\\\/en\\\/#website\"},\"datePublished\":\"2017-12-17T06:31:11+00:00\",\"dateModified\":\"2022-11-22T09:50:57+00:00\",\"description\":\"Ordinace REHABILITACE KINESIS s.r.o., Hole\u0161ov. Ambulantn\u00ed pracovi\u0161t\u011b fyzioterapie v Hole\u0161ov\u011b. Prov\u00e1d\u00edme m\u011bkk\u00e9 a mobiliza\u010dn\u00ed techniky a individu\u00e1ln\u00ed cvi\u010den\u00ed atd.\",\"breadcrumb\":{\"@id\":\"https:\\\/\\\/rehabilitaceholesov.cz\\\/en\\\/kontakt\\\/#breadcrumb\"},\"inLanguage\":\"en-GB\",\"potentialAction\":[{\"@type\":\"ReadAction\",\"target\":[\"https:\\\/\\\/rehabilitaceholesov.cz\\\/en\\\/kontakt\\\/\"]}]},{\"@type\":\"BreadcrumbList\",\"@id\":\"https:\\\/\\\/rehabilitaceholesov.cz\\\/en\\\/kontakt\\\/#breadcrumb\",\"itemListElement\":[{\"@type\":\"ListItem\",\"position\":1,\"name\":\"Dom\u016f\",\"item\":\"https:\\\/\\\/rehabilitaceholesov.cz\\\/\"},{\"@type\":\"ListItem\",\"position\":2,\"name\":\"Kontakt\"}]},{\"@type\":\"WebSite\",\"@id\":\"https:\\\/\\\/rehabilitaceholesov.cz\\\/en\\\/#website\",\"url\":\"https:\\\/\\\/rehabilitaceholesov.cz\\\/en\\\/\",\"name\":\"Rehabilitace KINESIS s.r.o.\",\"description\":\"Rehabilita\u010dn\u00ed centrum v Hole\u0161ov\u011b\",\"potentialAction\":[{\"@type\":\"SearchAction\",\"target\":{\"@type\":\"EntryPoint\",\"urlTemplate\":\"https:\\\/\\\/rehabilitaceholesov.cz\\\/en\\\/?s={search_term_string}\"},\"query-input\":{\"@type\":\"PropertyValueSpecification\",\"valueRequired\":true,\"valueName\":\"search_term_string\"}}],\"inLanguage\":\"en-GB\"}]}<\/script>\n<!-- \/ Yoast SEO plugin. -->","yoast_head_json":{"title":"Kontakt - Rehabilitace KINESIS s.r.o.","description":"Ordinace REHABILITACE KINESIS s.r.o., Hole\u0161ov. Ambulantn\u00ed pracovi\u0161t\u011b fyzioterapie v Hole\u0161ov\u011b. Prov\u00e1d\u00edme m\u011bkk\u00e9 a mobiliza\u010dn\u00ed techniky a individu\u00e1ln\u00ed cvi\u010den\u00ed atd.","robots":{"index":"index","follow":"follow","max-snippet":"max-snippet:-1","max-image-preview":"max-image-preview:large","max-video-preview":"max-video-preview:-1"},"canonical":"https:\/\/rehabilitaceholesov.cz\/en\/kontakt\/","og_locale":"en_GB","og_type":"article","og_title":"Rehabilitace KINESIS","og_description":"Ordinace REHABILITACE KINESIS s.r.o., Hole\u0161ov. Ambulantn\u00ed pracovi\u0161t\u011b fyzioterapie v Hole\u0161ov\u011b. Prov\u00e1d\u00edme m\u011bkk\u00e9 a mobiliza\u010dn\u00ed techniky a individu\u00e1ln\u00ed cvi\u010den\u00ed atd.","og_url":"https:\/\/rehabilitaceholesov.cz\/en\/kontakt\/","og_site_name":"Rehabilitace KINESIS s.r.o.","article_modified_time":"2022-11-22T09:50:57+00:00","og_image":[{"width":601,"height":198,"url":"https:\/\/rehabilitaceholesov.cz\/wp-content\/uploads\/2022\/11\/1-1.png","type":"image\/png"}],"twitter_card":"summary_large_image","twitter_misc":{"Estimated reading time":"1 minute"},"schema":{"@context":"https:\/\/schema.org","@graph":[{"@type":"WebPage","@id":"https:\/\/rehabilitaceholesov.cz\/en\/kontakt\/","url":"https:\/\/rehabilitaceholesov.cz\/en\/kontakt\/","name":"Kontakt - Rehabilitace KINESIS s.r.o.","isPartOf":{"@id":"https:\/\/rehabilitaceholesov.cz\/en\/#website"},"datePublished":"2017-12-17T06:31:11+00:00","dateModified":"2022-11-22T09:50:57+00:00","description":"Ordinace REHABILITACE KINESIS s.r.o., Hole\u0161ov. Ambulantn\u00ed pracovi\u0161t\u011b fyzioterapie v Hole\u0161ov\u011b. Prov\u00e1d\u00edme m\u011bkk\u00e9 a mobiliza\u010dn\u00ed techniky a individu\u00e1ln\u00ed cvi\u010den\u00ed atd.","breadcrumb":{"@id":"https:\/\/rehabilitaceholesov.cz\/en\/kontakt\/#breadcrumb"},"inLanguage":"en-GB","potentialAction":[{"@type":"ReadAction","target":["https:\/\/rehabilitaceholesov.cz\/en\/kontakt\/"]}]},{"@type":"BreadcrumbList","@id":"https:\/\/rehabilitaceholesov.cz\/en\/kontakt\/#breadcrumb","itemListElement":[{"@type":"ListItem","position":1,"name":"Dom\u016f","item":"https:\/\/rehabilitaceholesov.cz\/"},{"@type":"ListItem","position":2,"name":"Kontakt"}]},{"@type":"WebSite","@id":"https:\/\/rehabilitaceholesov.cz\/en\/#website","url":"https:\/\/rehabilitaceholesov.cz\/en\/","name":"Rehabilitace KINESIS s.r.o.","description":"Rehabilita\u010dn\u00ed centrum v Hole\u0161ov\u011b","potentialAction":[{"@type":"SearchAction","target":{"@type":"EntryPoint","urlTemplate":"https:\/\/rehabilitaceholesov.cz\/en\/?s={search_term_string}"},"query-input":{"@type":"PropertyValueSpecification","valueRequired":true,"valueName":"search_term_string"}}],"inLanguage":"en-GB"}]}},"_links":{"self":[{"href":"https:\/\/rehabilitaceholesov.cz\/en\/wp-json\/wp\/v2\/pages\/355","targetHints":{"allow":["GET"]}}],"collection":[{"href":"https:\/\/rehabilitaceholesov.cz\/en\/wp-json\/wp\/v2\/pages"}],"about":[{"href":"https:\/\/rehabilitaceholesov.cz\/en\/wp-json\/wp\/v2\/types\/page"}],"author":[{"embeddable":true,"href":"https:\/\/rehabilitaceholesov.cz\/en\/wp-json\/wp\/v2\/users\/1"}],"replies":[{"embeddable":true,"href":"https:\/\/rehabilitaceholesov.cz\/en\/wp-json\/wp\/v2\/comments?post=355"}],"version-history":[{"count":84,"href":"https:\/\/rehabilitaceholesov.cz\/en\/wp-json\/wp\/v2\/pages\/355\/revisions"}],"predecessor-version":[{"id":1022,"href":"https:\/\/rehabilitaceholesov.cz\/en\/wp-json\/wp\/v2\/pages\/355\/revisions\/1022"}],"wp:attachment":[{"href":"https:\/\/rehabilitaceholesov.cz\/en\/wp-json\/wp\/v2\/media?parent=355"}],"curies":[{"name":"wp","href":"https:\/\/api.w.org\/{rel}","templated":true}]}}